{"id":361,"date":"2023-10-03T16:22:58","date_gmt":"2023-10-03T14:22:58","guid":{"rendered":"https:\/\/nocey.ch\/?page_id=361"},"modified":"2023-11-19T10:58:40","modified_gmt":"2023-11-19T09:58:40","slug":"a-propos","status":"publish","type":"page","link":"https:\/\/nocey.ch\/en\/about-us\/","title":{"rendered":"about us"},"content":{"rendered":"<div data-elementor-type=\"wp-page\" data-elementor-id=\"361\" class=\"elementor elementor-361\" data-elementor-post-type=\"page\">\n\t\t\t\t\t\t\t\t\t<section class=\"elementor-section elementor-top-section elementor-element elementor-element-34254884 elementor-section-boxed elementor-section-height-default elementor-section-height-default\" data-id=\"34254884\" data-element_type=\"section\">\n\t\t\t\t\t\t<div class=\"elementor-container elementor-column-gap-default\">\n\t\t\t\t\t<div class=\"elementor-column elementor-col-100 elementor-top-column elementor-element elementor-element-2bd6f8d7\" data-id=\"2bd6f8d7\" data-element_type=\"column\">\n\t\t\t<div class=\"elementor-widget-wrap elementor-element-populated\">\n\t\t\t\t\t\t\t\t<div class=\"elementor-element elementor-element-4597b72c elementor-widget__width-initial elementor-invisible elementor-widget elementor-widget-heading\" data-id=\"4597b72c\" data-element_type=\"widget\" data-settings=\"{&quot;_animation&quot;:&quot;fadeInUp&quot;}\" data-widget_type=\"heading.default\">\n\t\t\t\t<div class=\"elementor-widget-container\">\n\t\t\t<style>\/*! elementor - v3.17.0 - 08-11-2023 *\/\n.elementor-heading-title{padding:0;margin:0;line-height:1}.elementor-widget-heading .elementor-heading-title[class*=elementor-size-]>a{color:inherit;font-size:inherit;line-height:inherit}.elementor-widget-heading .elementor-heading-title.elementor-size-small{font-size:15px}.elementor-widget-heading .elementor-heading-title.elementor-size-medium{font-size:19px}.elementor-widget-heading .elementor-heading-title.elementor-size-large{font-size:29px}.elementor-widget-heading .elementor-heading-title.elementor-size-xl{font-size:39px}.elementor-widget-heading .elementor-heading-title.elementor-size-xxl{font-size:59px}<\/style><h1 class=\"elementor-heading-title elementor-size-default\">About Nocey<\/h1>\t\t<\/div>\n\t\t\t\t<\/div>\n\t\t\t\t<div class=\"elementor-element elementor-element-795234ee elementor-widget__width-initial elementor-invisible elementor-widget elementor-widget-text-editor\" data-id=\"795234ee\" data-element_type=\"widget\" data-settings=\"{&quot;_animation&quot;:&quot;fadeInUp&quot;,&quot;_animation_delay&quot;:250}\" data-widget_type=\"text-editor.default\">\n\t\t\t\t<div class=\"elementor-widget-container\">\n\t\t\t<style>\/*! elementor - v3.17.0 - 08-11-2023 *\/\n.elementor-widget-text-editor.elementor-drop-cap-view-stacked .elementor-drop-cap{background-color:#69727d;color:#fff}.elementor-widget-text-editor.elementor-drop-cap-view-framed .elementor-drop-cap{color:#69727d;border:3px solid;background-color:transparent}.elementor-widget-text-editor:not(.elementor-drop-cap-view-default) .elementor-drop-cap{margin-top:8px}.elementor-widget-text-editor:not(.elementor-drop-cap-view-default) .elementor-drop-cap-letter{width:1em;height:1em}.elementor-widget-text-editor .elementor-drop-cap{float:left;text-align:center;line-height:1;font-size:50px}.elementor-widget-text-editor .elementor-drop-cap-letter{display:inline-block}<\/style>\t\t\t\t<p>Far from a happenstance occurrence, this fortuitous encounter simply convened two personalities united by a shared ardor for horology, along with a common dream of traversing this universe, enveloped by the finest craftsmen.<\/p><p class=\" translation-block\">A natural fusion unfolded, poised to craft their unique universe, aimed at the utmost realization. Nocey is an blend of the first initials of the brand's founders and creators.<\/p>\t\t\t\t\t\t<\/div>\n\t\t\t\t<\/div>\n\t\t\t\t<div class=\"elementor-element elementor-element-5e377b69 animated-slow elementor-invisible elementor-widget elementor-widget-image\" data-id=\"5e377b69\" data-element_type=\"widget\" data-settings=\"{&quot;_animation&quot;:&quot;fadeIn&quot;}\" data-widget_type=\"image.default\">\n\t\t\t\t<div class=\"elementor-widget-container\">\n\t\t\t<style>\/*! elementor - v3.17.0 - 08-11-2023 *\/\n.elementor-widget-image{text-align:center}.elementor-widget-image a{display:inline-block}.elementor-widget-image a img[src$=\".svg\"]{width:48px}.elementor-widget-image img{vertical-align:middle;display:inline-block}<\/style>\t\t\t\t\t\t\t\t\t\t\t\t<img decoding=\"async\" width=\"2049\" height=\"2560\" src=\"https:\/\/nocey.ch\/wp-content\/uploads\/2023\/10\/20231007070559541-1-scaled.jpeg\" class=\"attachment-full size-full wp-image-863\" alt=\"\" srcset=\"https:\/\/nocey.ch\/wp-content\/uploads\/2023\/10\/20231007070559541-1-scaled.jpeg 2049w, https:\/\/nocey.ch\/wp-content\/uploads\/2023\/10\/20231007070559541-1-240x300.jpeg 240w, https:\/\/nocey.ch\/wp-content\/uploads\/2023\/10\/20231007070559541-1-820x1024.jpeg 820w, https:\/\/nocey.ch\/wp-content\/uploads\/2023\/10\/20231007070559541-1-768x960.jpeg 768w, https:\/\/nocey.ch\/wp-content\/uploads\/2023\/10\/20231007070559541-1-1229x1536.jpeg 1229w, https:\/\/nocey.ch\/wp-content\/uploads\/2023\/10\/20231007070559541-1-1639x2048.jpeg 1639w, https:\/\/nocey.ch\/wp-content\/uploads\/2023\/10\/20231007070559541-1-10x12.jpeg 10w\" sizes=\"(max-width: 2049px) 100vw, 2049px\" \/>\t\t\t\t\t\t\t\t\t\t\t\t\t\t\t<\/div>\n\t\t\t\t<\/div>\n\t\t\t\t<section class=\"elementor-section elementor-inner-section elementor-element elementor-element-8a96054 elementor-reverse-tablet elementor-reverse-mobile elementor-section-boxed elementor-section-height-default elementor-section-height-default\" data-id=\"8a96054\" data-element_type=\"section\">\n\t\t\t\t\t\t<div class=\"elementor-container elementor-column-gap-wider\">\n\t\t\t\t\t<div class=\"elementor-column elementor-col-100 elementor-inner-column elementor-element elementor-element-094ce8b\" data-id=\"094ce8b\" data-element_type=\"column\">\n\t\t\t<div class=\"elementor-widget-wrap elementor-element-populated\">\n\t\t\t\t\t\t\t\t<div class=\"elementor-element elementor-element-7ed163f elementor-widget__width-initial elementor-widget elementor-widget-heading\" data-id=\"7ed163f\" data-element_type=\"widget\" data-widget_type=\"heading.default\">\n\t\t\t\t<div class=\"elementor-widget-container\">\n\t\t\t<h2 class=\"elementor-heading-title elementor-size-default\">Coralie, embodies the aesthetics and embellishments of the creation.<\/h2>\t\t<\/div>\n\t\t\t\t<\/div>\n\t\t\t\t<div class=\"elementor-element elementor-element-33e16c8 elementor-widget__width-initial elementor-widget elementor-widget-text-editor\" data-id=\"33e16c8\" data-element_type=\"widget\" data-widget_type=\"text-editor.default\">\n\t\t\t\t<div class=\"elementor-widget-container\">\n\t\t\t\t\t\t\t<p>Enthralled by haute joaillerie since her youth, her voyages and inner world of imaginative enchantments are wellsprings of inspiration. Her discerning eye and childlike spirit enable her to transmute her visions into tangible reality, elevating each work into an inexhaustible emotion.\u00a0<\/p><p class=\" translation-block\">A true conductor, her pragmatism, intuitivity and reverence for precision elevate and transport the aesthetics and assembly of the piece and Nocey into another realm.\n\nCoralie's professional journey spans a decade within the realm of market finance and private banking, where she operated on the trading floor. She served renowned banking institutions in Paris, Luxembourg, and Geneva, highlighting the significance of discretion and attention to detail.<\/p><p><span style=\"color: var( --e-global-color-e777cd9 ); font-family: var( --e-global-typography-25f2155-font-family ), Sans-serif; font-size: var( --e-global-typography-25f2155-font-size ); font-weight: var( --e-global-typography-25f2155-font-weight ); letter-spacing: var( --e-global-typography-25f2155-letter-spacing ); word-spacing: var( --e-global-typography-25f2155-word-spacing ); background-color: var( --e-global-color-text );\"><i>In tandem, Coralie undertakes a differents bespoke projects tailored to an exclusive private clientele. Simultaneously, she operates as a financial advisor specializing in alternative investments, focusing on haute joaillerie and exclusive timepieces\u2014passion investing.<\/i><\/span><\/p>\t\t\t\t\t\t<\/div>\n\t\t\t\t<\/div>\n\t\t\t\t<div class=\"elementor-element elementor-element-3df5c8c animated-slow elementor-invisible elementor-widget elementor-widget-image\" data-id=\"3df5c8c\" data-element_type=\"widget\" data-settings=\"{&quot;_animation&quot;:&quot;fadeInUp&quot;,&quot;_animation_delay&quot;:1000}\" data-widget_type=\"image.default\">\n\t\t\t\t<div class=\"elementor-widget-container\">\n\t\t\t\t\t\t\t\t\t\t\t\t\t\t\t<img decoding=\"async\" width=\"2000\" height=\"1414\" src=\"https:\/\/nocey.ch\/wp-content\/uploads\/2023\/10\/anime_4-1.gif\" class=\"attachment-full size-full wp-image-1939\" alt=\"\" \/>\t\t\t\t\t\t\t\t\t\t\t\t\t\t\t<\/div>\n\t\t\t\t<\/div>\n\t\t\t\t\t<\/div>\n\t\t<\/div>\n\t\t\t\t\t\t\t<\/div>\n\t\t<\/section>\n\t\t\t\t<section class=\"elementor-section elementor-inner-section elementor-element elementor-element-1fc3c54b elementor-section-boxed elementor-section-height-default elementor-section-height-default\" data-id=\"1fc3c54b\" data-element_type=\"section\">\n\t\t\t\t\t\t<div class=\"elementor-container elementor-column-gap-wider\">\n\t\t\t\t\t<div class=\"elementor-column elementor-col-100 elementor-inner-column elementor-element elementor-element-7b746cf\" data-id=\"7b746cf\" data-element_type=\"column\">\n\t\t\t<div class=\"elementor-widget-wrap elementor-element-populated\">\n\t\t\t\t\t\t\t\t<div class=\"elementor-element elementor-element-5a7de94 elementor-widget__width-initial elementor-widget elementor-widget-heading\" data-id=\"5a7de94\" data-element_type=\"widget\" data-widget_type=\"heading.default\">\n\t\t\t\t<div class=\"elementor-widget-container\">\n\t\t\t<h2 class=\"elementor-heading-title elementor-size-default\">Noelle, is a virtuoso in the realm of horological arts.<\/h2>\t\t<\/div>\n\t\t\t\t<\/div>\n\t\t\t\t<div class=\"elementor-element elementor-element-70d47e8 elementor-widget__width-initial elementor-widget elementor-widget-text-editor\" data-id=\"70d47e8\" data-element_type=\"widget\" data-widget_type=\"text-editor.default\">\n\t\t\t\t<div class=\"elementor-widget-container\">\n\t\t\t\t\t\t\t<p class=\" translation-block\">An affection for materials and artistry well honed, an affinity for elegance, eyes cast heavenward reflecting both how far we've journeyed and how much farther there is to traverse. An aspiration that extends the prospect of transcending oneself. Knowledge, delight, and audacity catalyze creative energy to birth singular craftsmanship and subtlety.<\/p>\n<p>\nFollowing her education, the world of haute horlogerie beckoned, and her initiation into mold creation commenced in the decoration department of a watchmaking establishment in the Vall\u00e9e de Joux. Noelle subsequently advanced, lending her talents to other esteemed Swiss watchmakers.&nbsp;<\/p>\n<p>Amidst the mountains, she underwent a unique year-long training program, meticulously honing one of the most esteemed crafts in haute horlogerie: anglage-main.&nbsp;<\/p>\n<p><i>With over a decade of experience, Noelle now plies her trade within her own workshop.<\/i><\/p>\t\t\t\t\t\t<\/div>\n\t\t\t\t<\/div>\n\t\t\t\t\t<\/div>\n\t\t<\/div>\n\t\t\t\t\t\t\t<\/div>\n\t\t<\/section>\n\t\t\t\t\t<\/div>\n\t\t<\/div>\n\t\t\t\t\t\t\t<\/div>\n\t\t<\/section>\n\t\t\t\t\t\t\t<\/div>","protected":false},"excerpt":{"rendered":"<p>L&rsquo;histoire de Nocey Cette heureuse rencontre a simplement r\u00e9uni deux personnalit\u00e9s qui avaient pour passion commune l\u2019horlogerie\u2009 ; ce m\u00eame r\u00eave d\u2019explorer cet univers, entour\u00e9 des meilleurs artisans. Une fusion naturelle op\u00e9r\u00e9e, pr\u00eate \u00e0 \u00e9tablir un univers propre, pour aboutir au mieux. Nocey est une contraction des 2 pr\u00e9noms des fondatrices et cr\u00e9atrices de la [&hellip;]<\/p>","protected":false},"author":1,"featured_media":0,"parent":0,"menu_order":0,"comment_status":"closed","ping_status":"closed","template":"","meta":{"footnotes":""},"_links":{"self":[{"href":"https:\/\/nocey.ch\/en\/wp-json\/wp\/v2\/pages\/361"}],"collection":[{"href":"https:\/\/nocey.ch\/en\/wp-json\/wp\/v2\/pages"}],"about":[{"href":"https:\/\/nocey.ch\/en\/wp-json\/wp\/v2\/types\/page"}],"author":[{"embeddable":true,"href":"https:\/\/nocey.ch\/en\/wp-json\/wp\/v2\/users\/1"}],"replies":[{"embeddable":true,"href":"https:\/\/nocey.ch\/en\/wp-json\/wp\/v2\/comments?post=361"}],"version-history":[{"count":12,"href":"https:\/\/nocey.ch\/en\/wp-json\/wp\/v2\/pages\/361\/revisions"}],"predecessor-version":[{"id":2457,"href":"https:\/\/nocey.ch\/en\/wp-json\/wp\/v2\/pages\/361\/revisions\/2457"}],"wp:attachment":[{"href":"https:\/\/nocey.ch\/en\/wp-json\/wp\/v2\/media?parent=361"}],"curies":[{"name":"wp","href":"https:\/\/api.w.org\/{rel}","templated":true}]}}