{"id":359,"date":"2023-10-03T16:22:43","date_gmt":"2023-10-03T14:22:43","guid":{"rendered":"https:\/\/nocey.ch\/?page_id=359"},"modified":"2023-12-08T20:47:54","modified_gmt":"2023-12-08T19:47:54","slug":"lunivers-nc","status":"publish","type":"page","link":"https:\/\/nocey.ch\/en\/nc-universe\/","title":{"rendered":"L&rsquo;univers NC"},"content":{"rendered":"<div data-elementor-type=\"wp-page\" data-elementor-id=\"359\" class=\"elementor elementor-359\" data-elementor-post-type=\"page\">\n\t\t\t\t\t\t\t\t\t<section class=\"elementor-section elementor-top-section elementor-element elementor-element-31115d09 elementor-section-boxed elementor-section-height-default elementor-section-height-default\" data-id=\"31115d09\" data-element_type=\"section\">\n\t\t\t\t\t\t<div class=\"elementor-container elementor-column-gap-default\">\n\t\t\t\t\t<div class=\"elementor-column elementor-col-50 elementor-top-column elementor-element elementor-element-20498486\" data-id=\"20498486\" data-element_type=\"column\">\n\t\t\t<div class=\"elementor-widget-wrap elementor-element-populated\">\n\t\t\t\t\t\t\t\t<div class=\"elementor-element elementor-element-7a340e90 elementor-invisible elementor-widget elementor-widget-heading\" data-id=\"7a340e90\" data-element_type=\"widget\" data-settings=\"{&quot;_animation&quot;:&quot;fadeInUp&quot;}\" data-widget_type=\"heading.default\">\n\t\t\t\t<div class=\"elementor-widget-container\">\n\t\t\t<style>\/*! elementor - v3.17.0 - 08-11-2023 *\/\n.elementor-heading-title{padding:0;margin:0;line-height:1}.elementor-widget-heading .elementor-heading-title[class*=elementor-size-]>a{color:inherit;font-size:inherit;line-height:inherit}.elementor-widget-heading .elementor-heading-title.elementor-size-small{font-size:15px}.elementor-widget-heading .elementor-heading-title.elementor-size-medium{font-size:19px}.elementor-widget-heading .elementor-heading-title.elementor-size-large{font-size:29px}.elementor-widget-heading .elementor-heading-title.elementor-size-xl{font-size:39px}.elementor-widget-heading .elementor-heading-title.elementor-size-xxl{font-size:59px}<\/style><h2 class=\"elementor-heading-title elementor-size-default\">Nocey constitutes a realm born of nature and humankind in unison.<\/h2>\t\t<\/div>\n\t\t\t\t<\/div>\n\t\t\t\t\t<\/div>\n\t\t<\/div>\n\t\t\t\t<div class=\"elementor-column elementor-col-50 elementor-top-column elementor-element elementor-element-78236d19\" data-id=\"78236d19\" data-element_type=\"column\">\n\t\t\t<div class=\"elementor-widget-wrap elementor-element-populated\">\n\t\t\t\t\t\t\t\t<div class=\"elementor-element elementor-element-46c6103f elementor-invisible elementor-widget elementor-widget-text-editor\" data-id=\"46c6103f\" data-element_type=\"widget\" data-settings=\"{&quot;_animation&quot;:&quot;fadeInUp&quot;}\" data-widget_type=\"text-editor.default\">\n\t\t\t\t<div class=\"elementor-widget-container\">\n\t\t\t<style>\/*! elementor - v3.17.0 - 08-11-2023 *\/\n.elementor-widget-text-editor.elementor-drop-cap-view-stacked .elementor-drop-cap{background-color:#69727d;color:#fff}.elementor-widget-text-editor.elementor-drop-cap-view-framed .elementor-drop-cap{color:#69727d;border:3px solid;background-color:transparent}.elementor-widget-text-editor:not(.elementor-drop-cap-view-default) .elementor-drop-cap{margin-top:8px}.elementor-widget-text-editor:not(.elementor-drop-cap-view-default) .elementor-drop-cap-letter{width:1em;height:1em}.elementor-widget-text-editor .elementor-drop-cap{float:left;text-align:center;line-height:1;font-size:50px}.elementor-widget-text-editor .elementor-drop-cap-letter{display:inline-block}<\/style>\t\t\t\t<p>What emerged as a concept born of enthusiasts has blossomed into reality.<\/p><p>It is through this timepiece that we seek to articulate the yearning for regional craftsmanship.<\/p><p>This mechanical prowess, harkening to the elements and transmuted by human hands, lays bare its full splendor.<\/p>\t\t\t\t\t\t<\/div>\n\t\t\t\t<\/div>\n\t\t\t\t<div class=\"elementor-element elementor-element-3ab6448 elementor-invisible elementor-widget elementor-widget-text-editor\" data-id=\"3ab6448\" data-element_type=\"widget\" data-settings=\"{&quot;_animation&quot;:&quot;fadeInUp&quot;}\" data-widget_type=\"text-editor.default\">\n\t\t\t\t<div class=\"elementor-widget-container\">\n\t\t\t\t\t\t\t<p class=\" translation-block\">Geneva, Fleurier, Biel, Le Locle, La Chaux-De-Fonds, and The Vall\u00e9e du Joux have bestowed upon us their contours and their wintry auras\u2014beauties entwined with gliding, wintery air, as well as the breeze's ethereal caress and the water jet's mist suspended in the atmosphere and brushed onto the skin.<\/p><p><em>Dispensing the power and reverberation of energy onto our beings.<\/em><\/p><p>Above all, it is this fervor that each of us seeks, an intensity sourced from elemental, physiological fountains: the elements, materials, capabilities.<\/p>\t\t\t\t\t\t<\/div>\n\t\t\t\t<\/div>\n\t\t\t\t\t<\/div>\n\t\t<\/div>\n\t\t\t\t\t\t\t<\/div>\n\t\t<\/section>\n\t\t\t\t<section class=\"elementor-section elementor-top-section elementor-element elementor-element-2a962a16 elementor-section-boxed elementor-section-height-default elementor-section-height-default\" data-id=\"2a962a16\" data-element_type=\"section\">\n\t\t\t\t\t\t<div class=\"elementor-container elementor-column-gap-default\">\n\t\t\t\t\t<div class=\"elementor-column elementor-col-100 elementor-top-column elementor-element elementor-element-6f0fb314\" data-id=\"6f0fb314\" data-element_type=\"column\">\n\t\t\t<div class=\"elementor-widget-wrap elementor-element-populated\">\n\t\t\t\t\t\t\t\t<div class=\"elementor-element elementor-element-06f3e84 elementor-widget__width-initial elementor-widget elementor-widget-heading\" data-id=\"06f3e84\" data-element_type=\"widget\" data-widget_type=\"heading.default\">\n\t\t\t\t<div class=\"elementor-widget-container\">\n\t\t\t<h3 class=\"elementor-heading-title elementor-size-default translation-block\">These twin forces of the cosmos harmonize. The capability of movement and the art's sensitivity, in synergy yielding their most resplendent treasures of potency.<\/h3>\t\t<\/div>\n\t\t\t\t<\/div>\n\t\t\t\t<div class=\"elementor-element elementor-element-456fe4e3 elementor-widget__width-initial elementor-invisible elementor-widget elementor-widget-text-editor\" data-id=\"456fe4e3\" data-element_type=\"widget\" data-settings=\"{&quot;_animation&quot;:&quot;fadeInUp&quot;}\" data-widget_type=\"text-editor.default\">\n\t\t\t\t<div class=\"elementor-widget-container\">\n\t\t\t\t\t\t\t<p class=\" translation-block\">An affection for materials and artistry well honed, an affinity for elegance, eyes cast heavenward reflecting both how far we've journeyed and how much farther there is to traverse. An aspiration that extends the prospect of transcending oneself. Knowledge, delight, and audacity catalyze creative energy to birth singular craftsmanship and subtlety.<\/p><p>Each facet is infused with the horological cultural legacy and the values of a grand family, one characterized by sharing and bequeathing, with loyalty and freedom.<\/p><p>Haute joaillerie and haute horlogerie collaborate and meld as timepieces. A realm molded day by day with precision and patience, immortalizing every instant. A veritable microcosm, both timeless and commanding, radiating eloquent and beguiling sentiment.<\/p><p class=\" translation-block\">Harmonized and dainty, the universe from which it springs concentrates in a piece attuned to both the era and tradition. For time may halt, yet it remains infinite, much like moments never to be repeated. And precisely this is what this opus accentuates.<\/p>\t\t\t\t\t\t<\/div>\n\t\t\t\t<\/div>\n\t\t\t\t<section class=\"elementor-section elementor-inner-section elementor-element elementor-element-482a85e elementor-section-boxed elementor-section-height-default elementor-section-height-default\" data-id=\"482a85e\" data-element_type=\"section\">\n\t\t\t\t\t\t<div class=\"elementor-container elementor-column-gap-default\">\n\t\t\t\t\t<div class=\"elementor-column elementor-col-50 elementor-inner-column elementor-element elementor-element-dafda05\" data-id=\"dafda05\" data-element_type=\"column\">\n\t\t\t<div class=\"elementor-widget-wrap elementor-element-populated\">\n\t\t\t\t\t\t\t\t<div class=\"elementor-element elementor-element-f36c836 elementor-widget elementor-widget-image\" data-id=\"f36c836\" data-element_type=\"widget\" data-widget_type=\"image.default\">\n\t\t\t\t<div class=\"elementor-widget-container\">\n\t\t\t<style>\/*! elementor - v3.17.0 - 08-11-2023 *\/\n.elementor-widget-image{text-align:center}.elementor-widget-image a{display:inline-block}.elementor-widget-image a img[src$=\".svg\"]{width:48px}.elementor-widget-image img{vertical-align:middle;display:inline-block}<\/style>\t\t\t\t\t\t\t\t\t\t\t\t\t<a href=\"https:\/\/nocey.ch\/wp-content\/uploads\/2023\/10\/20231015175129904.jpeg\" data-elementor-open-lightbox=\"yes\" data-e-action-hash=\"#elementor-action%3Aaction%3Dlightbox%26settings%3DeyJpZCI6MTgwOSwidXJsIjoiaHR0cHM6XC9cL25vY2V5LmNoXC93cC1jb250ZW50XC91cGxvYWRzXC8yMDIzXC8xMFwvMjAyMzEwMTUxNzUxMjk5MDQuanBlZyJ9\">\n\t\t\t\t\t\t\t<img decoding=\"async\" width=\"682\" height=\"1024\" src=\"https:\/\/nocey.ch\/wp-content\/uploads\/2023\/10\/20231015175129904-682x1024.jpeg\" class=\"attachment-large size-large wp-image-1809\" alt=\"\" srcset=\"https:\/\/nocey.ch\/wp-content\/uploads\/2023\/10\/20231015175129904-682x1024.jpeg 682w, https:\/\/nocey.ch\/wp-content\/uploads\/2023\/10\/20231015175129904-200x300.jpeg 200w, https:\/\/nocey.ch\/wp-content\/uploads\/2023\/10\/20231015175129904-768x1152.jpeg 768w, https:\/\/nocey.ch\/wp-content\/uploads\/2023\/10\/20231015175129904-1024x1536.jpeg 1024w, https:\/\/nocey.ch\/wp-content\/uploads\/2023\/10\/20231015175129904-8x12.jpeg 8w, https:\/\/nocey.ch\/wp-content\/uploads\/2023\/10\/20231015175129904.jpeg 1333w\" sizes=\"(max-width: 682px) 100vw, 682px\" \/>\t\t\t\t\t\t\t\t<\/a>\n\t\t\t\t\t\t\t\t\t\t\t\t\t\t\t<\/div>\n\t\t\t\t<\/div>\n\t\t\t\t\t<\/div>\n\t\t<\/div>\n\t\t\t\t<div class=\"elementor-column elementor-col-50 elementor-inner-column elementor-element elementor-element-f85f99f\" data-id=\"f85f99f\" data-element_type=\"column\">\n\t\t\t<div class=\"elementor-widget-wrap elementor-element-populated\">\n\t\t\t\t\t\t\t\t<div class=\"elementor-element elementor-element-48d7aab elementor-widget elementor-widget-image\" data-id=\"48d7aab\" data-element_type=\"widget\" data-widget_type=\"image.default\">\n\t\t\t\t<div class=\"elementor-widget-container\">\n\t\t\t\t\t\t\t\t\t\t\t\t\t\t\t\t<a href=\"https:\/\/nocey.ch\/wp-content\/uploads\/2023\/10\/20231015190421295.jpeg\" data-elementor-open-lightbox=\"yes\" data-e-action-hash=\"#elementor-action%3Aaction%3Dlightbox%26settings%3DeyJpZCI6MTgxMCwidXJsIjoiaHR0cHM6XC9cL25vY2V5LmNoXC93cC1jb250ZW50XC91cGxvYWRzXC8yMDIzXC8xMFwvMjAyMzEwMTUxOTA0MjEyOTUuanBlZyJ9\">\n\t\t\t\t\t\t\t<img decoding=\"async\" width=\"682\" height=\"1024\" src=\"https:\/\/nocey.ch\/wp-content\/uploads\/2023\/10\/20231015190421295-682x1024.jpeg\" class=\"attachment-large size-large wp-image-1810\" alt=\"\" srcset=\"https:\/\/nocey.ch\/wp-content\/uploads\/2023\/10\/20231015190421295-682x1024.jpeg 682w, https:\/\/nocey.ch\/wp-content\/uploads\/2023\/10\/20231015190421295-200x300.jpeg 200w, https:\/\/nocey.ch\/wp-content\/uploads\/2023\/10\/20231015190421295-768x1152.jpeg 768w, https:\/\/nocey.ch\/wp-content\/uploads\/2023\/10\/20231015190421295-1024x1536.jpeg 1024w, https:\/\/nocey.ch\/wp-content\/uploads\/2023\/10\/20231015190421295-8x12.jpeg 8w, https:\/\/nocey.ch\/wp-content\/uploads\/2023\/10\/20231015190421295.jpeg 1333w\" sizes=\"(max-width: 682px) 100vw, 682px\" \/>\t\t\t\t\t\t\t\t<\/a>\n\t\t\t\t\t\t\t\t\t\t\t\t\t\t\t<\/div>\n\t\t\t\t<\/div>\n\t\t\t\t\t<\/div>\n\t\t<\/div>\n\t\t\t\t\t\t\t<\/div>\n\t\t<\/section>\n\t\t\t\t<div class=\"elementor-element elementor-element-3619a77 elementor-widget elementor-widget-text-editor\" data-id=\"3619a77\" data-element_type=\"widget\" data-widget_type=\"text-editor.default\">\n\t\t\t\t<div class=\"elementor-widget-container\">\n\t\t\t\t\t\t\t\t\t\t\t\t\t<\/div>\n\t\t\t\t<\/div>\n\t\t\t\t\t<\/div>\n\t\t<\/div>\n\t\t\t\t\t\t\t<\/div>\n\t\t<\/section>\n\t\t\t\t\t\t\t<\/div>","protected":false},"excerpt":{"rendered":"<p>Nocey est \u00e0 la fois un univers cr\u00e9\u00e9e par la nature et par l\u2019Homme. Ce qui \u00e9tait d\u2019abord une id\u00e9e de passionn\u00e9es est devenu une r\u00e9alit\u00e9. C\u2019est \u00e0 travers ce garde-temps, que nous souhaitons traduire cette volont\u00e9 de l\u2019ouvrage artisanal et r\u00e9gional. Cette puissance m\u00e9canique inspir\u00e9e des \u00e9l\u00e9ments et transmut\u00e9e par la main humaine nous [&hellip;]<\/p>","protected":false},"author":1,"featured_media":0,"parent":0,"menu_order":0,"comment_status":"closed","ping_status":"closed","template":"","meta":{"footnotes":""},"_links":{"self":[{"href":"https:\/\/nocey.ch\/en\/wp-json\/wp\/v2\/pages\/359"}],"collection":[{"href":"https:\/\/nocey.ch\/en\/wp-json\/wp\/v2\/pages"}],"about":[{"href":"https:\/\/nocey.ch\/en\/wp-json\/wp\/v2\/types\/page"}],"author":[{"embeddable":true,"href":"https:\/\/nocey.ch\/en\/wp-json\/wp\/v2\/users\/1"}],"replies":[{"embeddable":true,"href":"https:\/\/nocey.ch\/en\/wp-json\/wp\/v2\/comments?post=359"}],"version-history":[{"count":1,"href":"https:\/\/nocey.ch\/en\/wp-json\/wp\/v2\/pages\/359\/revisions"}],"predecessor-version":[{"id":2482,"href":"https:\/\/nocey.ch\/en\/wp-json\/wp\/v2\/pages\/359\/revisions\/2482"}],"wp:attachment":[{"href":"https:\/\/nocey.ch\/en\/wp-json\/wp\/v2\/media?parent=359"}],"curies":[{"name":"wp","href":"https:\/\/api.w.org\/{rel}","templated":true}]}}