{"id":361,"date":"2023-10-03T16:22:58","date_gmt":"2023-10-03T14:22:58","guid":{"rendered":"https:\/\/nocey.ch\/?page_id=361"},"modified":"2023-11-19T10:58:40","modified_gmt":"2023-11-19T09:58:40","slug":"a-propos","status":"publish","type":"page","link":"https:\/\/nocey.ch\/ar\/about-us\/","title":{"rendered":"\u0646\u0628\u0630\u0629"},"content":{"rendered":"<div data-elementor-type=\"wp-page\" data-elementor-id=\"361\" class=\"elementor elementor-361\" data-elementor-post-type=\"page\">\n\t\t\t\t\t\t\t\t\t<section class=\"elementor-section elementor-top-section elementor-element elementor-element-34254884 elementor-section-boxed elementor-section-height-default elementor-section-height-default\" data-id=\"34254884\" data-element_type=\"section\">\n\t\t\t\t\t\t<div class=\"elementor-container elementor-column-gap-default\">\n\t\t\t\t\t<div class=\"elementor-column elementor-col-100 elementor-top-column elementor-element elementor-element-2bd6f8d7\" data-id=\"2bd6f8d7\" data-element_type=\"column\">\n\t\t\t<div class=\"elementor-widget-wrap elementor-element-populated\">\n\t\t\t\t\t\t\t\t<div class=\"elementor-element elementor-element-4597b72c elementor-widget__width-initial elementor-invisible elementor-widget elementor-widget-heading\" data-id=\"4597b72c\" data-element_type=\"widget\" data-settings=\"{&quot;_animation&quot;:&quot;fadeInUp&quot;}\" data-widget_type=\"heading.default\">\n\t\t\t\t<div class=\"elementor-widget-container\">\n\t\t\t<style>\/*! elementor - v3.17.0 - 08-11-2023 *\/\n.elementor-heading-title{padding:0;margin:0;line-height:1}.elementor-widget-heading .elementor-heading-title[class*=elementor-size-]>a{color:inherit;font-size:inherit;line-height:inherit}.elementor-widget-heading .elementor-heading-title.elementor-size-small{font-size:15px}.elementor-widget-heading .elementor-heading-title.elementor-size-medium{font-size:19px}.elementor-widget-heading .elementor-heading-title.elementor-size-large{font-size:29px}.elementor-widget-heading .elementor-heading-title.elementor-size-xl{font-size:39px}.elementor-widget-heading .elementor-heading-title.elementor-size-xxl{font-size:59px}<\/style><h1 class=\"elementor-heading-title elementor-size-default\">\u062d\u0648\u0644 \u0646\u0648\u0633\u064a<\/h1>\t\t<\/div>\n\t\t\t\t<\/div>\n\t\t\t\t<div class=\"elementor-element elementor-element-795234ee elementor-widget__width-initial elementor-invisible elementor-widget elementor-widget-text-editor\" data-id=\"795234ee\" data-element_type=\"widget\" data-settings=\"{&quot;_animation&quot;:&quot;fadeInUp&quot;,&quot;_animation_delay&quot;:250}\" data-widget_type=\"text-editor.default\">\n\t\t\t\t<div class=\"elementor-widget-container\">\n\t\t\t<style>\/*! elementor - v3.17.0 - 08-11-2023 *\/\n.elementor-widget-text-editor.elementor-drop-cap-view-stacked .elementor-drop-cap{background-color:#69727d;color:#fff}.elementor-widget-text-editor.elementor-drop-cap-view-framed .elementor-drop-cap{color:#69727d;border:3px solid;background-color:transparent}.elementor-widget-text-editor:not(.elementor-drop-cap-view-default) .elementor-drop-cap{margin-top:8px}.elementor-widget-text-editor:not(.elementor-drop-cap-view-default) .elementor-drop-cap-letter{width:1em;height:1em}.elementor-widget-text-editor .elementor-drop-cap{float:left;text-align:center;line-height:1;font-size:50px}.elementor-widget-text-editor .elementor-drop-cap-letter{display:inline-block}<\/style>\t\t\t\t<p>\u0644\u0645 \u064a\u0643\u0646 \u0635\u062f\u0641\u0629 \u0639\u0627\u0628\u0631\u0629 \u0647\u0630\u0623 \u0623\u0644\u0644\u0642\u0627\u0621 \u0623\u0644\u0633\u0639\u064a\u062f \u0623\u0644\u0630\u064a \u062c\u0645\u0639 \u0628\u064a\u0646 \u0623\u0645\u0631\u0623 \u062a\u064a\u0646 \u0623\u0634\u062a\u0631\u0643\u062a\u0627 \u0641\u064a \u0623\u0644\u0645\u062d\u0628\u0629 \u0623\u0644\u0639\u0638\u064a\u0645\u0629 \u0644\u0635\u0646\u0627\u0639\u0629\n\u0647\u0630\u0623 \u0623\u0644\u062d\u0644\u0645 \u0623\u0644\u0631\u0623\u0626\u0639 \u0645\u0633\u062a\u0639\u064a\u0646\u062a\u064a\u0646 \u0628\u0627 . \u0623\u0644\u0633\u0627\u0639\u0627\u062a\u060c \u0648\u0644\u0643\u0646\u0647\u0645\u0627 \u062a\u0643\u0627\u0645\u0644\u062a\u0627 \u0641\u064a \u0623\u0644\u062e\u0628\u0631\u0629 \u0623\u0644\u0637\u0648\u064a\u0644\u0629.<\/p><p class=\" translation-block\">\u0641\u062d\u0642\u0642\u062a\u0627 \u0641\u0636\u0644 \u0623\u0644\u062d\u0631\u0641\u064a\u064a\u0646\n\u0647\u0630\u0623 \u0623\u0644\u062c\u0645\u0639 \u0648\u0623\u0644\u062a\u0643\u0627\u0645\u0644 \u0623 \u0646\u062a\u062c \u0646\u0648\u0633\u064a(Nocey)<br>\n \u0641\u0643\u0627\u0646 \u0623\u0644\u0623\u0633\u0645 \u0645\u0632\u062c\u0627 \u0628\u064a\u0646 \u0623\u0633\u0645\u064a \u0645\u0624\u0633\u0633\u062a\u064a \u0648\u0645\u0628\u062f\u0639\u062a\u064a \u0647\u0630\u0647\n\u0623\u0644\u0639\u0644\u0627\u0645\u0629 \u0623\u0644\u062a\u064a \u062a\u062d\u0645\u0644\u0647\u0627 \u0647\u0630\u0647 \u0623\u0644\u0633\u0627\u0639\u0629 \u0623\u0644\u0641\u0627\u062e\u0631\u0629.<\/p>\t\t\t\t\t\t<\/div>\n\t\t\t\t<\/div>\n\t\t\t\t<div class=\"elementor-element elementor-element-5e377b69 animated-slow elementor-invisible elementor-widget elementor-widget-image\" data-id=\"5e377b69\" data-element_type=\"widget\" data-settings=\"{&quot;_animation&quot;:&quot;fadeIn&quot;}\" data-widget_type=\"image.default\">\n\t\t\t\t<div class=\"elementor-widget-container\">\n\t\t\t<style>\/*! elementor - v3.17.0 - 08-11-2023 *\/\n.elementor-widget-image{text-align:center}.elementor-widget-image a{display:inline-block}.elementor-widget-image a img[src$=\".svg\"]{width:48px}.elementor-widget-image img{vertical-align:middle;display:inline-block}<\/style>\t\t\t\t\t\t\t\t\t\t\t\t<img decoding=\"async\" width=\"2049\" height=\"2560\" src=\"https:\/\/nocey.ch\/wp-content\/uploads\/2023\/10\/20231007070559541-1-scaled.jpeg\" class=\"attachment-full size-full wp-image-863\" alt=\"\" srcset=\"https:\/\/nocey.ch\/wp-content\/uploads\/2023\/10\/20231007070559541-1-scaled.jpeg 2049w, https:\/\/nocey.ch\/wp-content\/uploads\/2023\/10\/20231007070559541-1-240x300.jpeg 240w, https:\/\/nocey.ch\/wp-content\/uploads\/2023\/10\/20231007070559541-1-820x1024.jpeg 820w, https:\/\/nocey.ch\/wp-content\/uploads\/2023\/10\/20231007070559541-1-768x960.jpeg 768w, https:\/\/nocey.ch\/wp-content\/uploads\/2023\/10\/20231007070559541-1-1229x1536.jpeg 1229w, https:\/\/nocey.ch\/wp-content\/uploads\/2023\/10\/20231007070559541-1-1639x2048.jpeg 1639w, https:\/\/nocey.ch\/wp-content\/uploads\/2023\/10\/20231007070559541-1-10x12.jpeg 10w\" sizes=\"(max-width: 2049px) 100vw, 2049px\" \/>\t\t\t\t\t\t\t\t\t\t\t\t\t\t\t<\/div>\n\t\t\t\t<\/div>\n\t\t\t\t<section class=\"elementor-section elementor-inner-section elementor-element elementor-element-8a96054 elementor-reverse-tablet elementor-reverse-mobile elementor-section-boxed elementor-section-height-default elementor-section-height-default\" data-id=\"8a96054\" data-element_type=\"section\">\n\t\t\t\t\t\t<div class=\"elementor-container elementor-column-gap-wider\">\n\t\t\t\t\t<div class=\"elementor-column elementor-col-100 elementor-inner-column elementor-element elementor-element-094ce8b\" data-id=\"094ce8b\" data-element_type=\"column\">\n\t\t\t<div class=\"elementor-widget-wrap elementor-element-populated\">\n\t\t\t\t\t\t\t\t<div class=\"elementor-element elementor-element-7ed163f elementor-widget__width-initial elementor-widget elementor-widget-heading\" data-id=\"7ed163f\" data-element_type=\"widget\" data-widget_type=\"heading.default\">\n\t\t\t\t<div class=\"elementor-widget-container\">\n\t\t\t<h2 class=\"elementor-heading-title elementor-size-default\">\u0623 \u0645\u0627 \u0643\u0648\u0631\u0623\u0644\u064a (Coralie) \u0641\u0647\u064a \u0623\u0644\u0648\u062c\u0647 \u0623\u0644\u0638\u0627\u0647\u0631 \u0644\u0644\u0633\u0627\u0639\u0629.<\/h2>\t\t<\/div>\n\t\t\t\t<\/div>\n\t\t\t\t<div class=\"elementor-element elementor-element-33e16c8 elementor-widget__width-initial elementor-widget elementor-widget-text-editor\" data-id=\"33e16c8\" data-element_type=\"widget\" data-widget_type=\"text-editor.default\">\n\t\t\t\t<div class=\"elementor-widget-container\">\n\t\t\t\t\t\t\t<p>\u0641 \u0627\u0644\u064a\u0647\u0627 \u062a\u0639\u0648\u062f \u0623\u0644\u0635\u0648\u0631\u0629 \u0623\u0644\u062c\u0645\u064a\u0644\u0629 \u0648\u0623\u0644\u0632\u062e\u0627\u0631\u0641 \u0623\u0644\u0628\u062f\u064a\u0639\u0629 \u0644\u0647\u0630\u0647\n\u0623\u0644\u0633\u0627\u0639\u0629. \u0648\u0642\u062f \u0643\u0627\u0646\u062a \u0645\u0648\u0644\u0639\u0629 \u0628\u0635\u0646\u0627\u0639\u0629 \u0623\u0644\u0645\u062c\u0648\u0647\u0631\u0623\u062a \u0623\u0644\u0641\u0627\u062e\u0631\u0629 \u0645\u0646\u0630 \u0637\u0641\u0648\u0644\u062a\u0647\u0627.\u00a0<\/p><p class=\" translation-block\">\u0623 \u0630 \u0647\u064a \u062b\u0627\u0628\u062a\u0629 \u0641\u064a \u062d\u0631\u0643\u062a\u0647\u0627 \u060c\n\u0635\u0627\u0631\u0645\u0629 \u0641\u064a \u062a\u0642\u0646\u064a\u062a\u0647\u0627\u060c \u062f\u0642\u064a\u0642\u0629 \u0641\u064a \u0639\u0645\u0644\u0647\u0627\u060c \u0636\u0631\u0648\u0631\u064a\u0629 \u0641\u064a \u0647\u064a\u0643\u0644\u0647\u0627. \u0641\u0647\u064a \u0623\u0644\u0642\u0637\u0639\u0629 \u0623\u0644\u0631\u0626\u064a\u0633\u064a\u0629 \u0623\u0644\u062a\u064a \u062a\u062f\u0648\u0631 \u0628\u0646\u0641\u0633\u0647\u0627 \u0648\u062a\u062f\u064a\u0631\n\u0645\u0646 \u0645\u0639\u0647\u0627 \u0628\u0645\u0647\u0627\u0631\u0629 \u064a\u062a\u0646\u0627\u0648\u0628 \u0641\u064a\u0647\u0627 \u0623\u0644\u0645\u062c\u0645\u0648\u0639 \u0641\u064a \u062a\u0639\u0627\u0648\u0646 \u0648\u0623\u0646\u0633\u062c\u0627\u0645. \u0641 \u0627\u062a\u0642\u0627\u0646 \u0646\u0648\u064a\u0644 (Noelle) \u0644\u0641\u0646\u0648\u0646 \u0635\u0646\u0627\u0639\u0629\n\u0623\u0644\u0633\u0627\u0639\u0627\u062a \u0644\u0623 \u063a\u0646\u0649 \u0644\u0646\u0648\u0633\u064a (Nocey) \u0639\u0646\u0647.<\/p><p><span style=\"color: var( --e-global-color-e777cd9 ); font-family: var( --e-global-typography-25f2155-font-family ), Sans-serif; font-size: var( --e-global-typography-25f2155-font-size ); font-weight: var( --e-global-typography-25f2155-font-weight ); letter-spacing: var( --e-global-typography-25f2155-letter-spacing ); word-spacing: var( --e-global-typography-25f2155-word-spacing ); background-color: var( --e-global-color-text );\"><i>\u0648\u0644\u0642\u062f \u0623\u0643\u062a\u0633\u0628\u062a \u0643\u0648\u0631\u0623\u0644\u064a (Coralie) \u062e\u0628\u0631\u062a\u0647\u0627 \u0623\u0644\u0645\u0647\u0646\u064a\u0629 \u0639\u0644\u0649 \u0645\u062f\u0649 \u0639\u0634\u0631 \u0633\u0646\u0648\u0623\u062a \u062a\u0642\u0631\u064a\u0628\u0627 \u0641\u064a \u0642\u0637\u0627\u0639 \u062a\u0645\u0648\u064a\u0644\n\u0623\u0644\u0633\u0648\u0642\u060c \u0648\u063a\u0631\u0641 \u0623\u0644\u062a\u062f\u0623\u0648\u0644 \u0641\u064a \u0623\u0644\u0628\u0646\u0648\u0643 \u0623\u0644\u062e\u0627\u0635\u0629\u060c \u0648\u0645\u0624\u0633\u0633\u0627\u062a \u0645\u0635\u0631\u0641\u064a\u0629 \u0645\u0634\u0647\u0648\u0631\u0629 \u0641\u064a \u0628\u0627\u0631\u064a\u0633 (Paris)\n\u0648\u0644\u0648\u0643\u0633\u0645\u0628\u0648\u0631\u063a (Luxembourg) \u0648\u062c\u0646\u064a\u0641 (Gen\u00e8ve). \u0648\u0644\u0642\u062f \u062a\u0639\u0644\u0645\u062a \u0645\u0646 \u0647\u0630\u0647 \u0623\u0644\u0645\u0624\u0633\u0633\u0627\u062a \u062c\u0645\u064a\u0639\u0627 \u0623 \u0647\u0645\u064a\u0629\n\u0623\u0644\u062a\u0641\u0627\u0635\u064a\u0644 \u0623\u0644\u062f\u0642\u064a\u0642\u0629 \u0648\u0636\u0631\u0648\u0631\u0629 \u0623\u0644\u0633\u0631\u064a\u0629 \u0623\u0644\u062a\u0627\u0645\u0629. \u0648\u0643\u0627\u0646\u062a \u0643\u0648\u0631\u0623\u0644\u064a (Coralie) \u062a\u0642\u0648\u0645 \u0648\u0644\u0623 \u062a\u0632\u0623\u0644 \u0628\u062a\u0646\u0641\u064a\u0630 \u0639\u062f\u0629 \u0645\u0634\u0627\u0631\u064a\u0639\n\u062e\u0627\u0635\u0629 \u062a\u0639\u062a\u0645\u062f \u0639\u0644\u0649 \u0623\u0644\u0641\u062e\u0627\u0645\u0629 \u0623\u0644\u0641\u0627\u0626\u0642\u0629. \u0648\u0647\u064a \u0641\u064a \u0646\u0641\u0633 \u0623\u0644\u0648\u0642\u062a \u0645\u0633\u062a\u0634\u0627\u0631\u0629 \u0641\u064a \u0623\u0644\u0623\u0633\u062a\u062b\u0645\u0627\u0631\u0623\u062a \u0623\u0644\u0645\u0627\u0644\u064a\u0629 \u0623\u0644\u0628\u062f\u064a\u0644\u0629 \u0641\u064a\n\u0635\u0646\u0627\u0639\u0629 \u0623\u0644\u0645\u062c\u0648\u0647\u0631\u0623\u062a \u0623\u0644\u0641\u0627\u062e\u0631\u0629 \u0648\u0623\u0644\u0633\u0627\u0639\u0627\u062a \u0623\u0644\u0631\u0623\u0642\u064a\u0629.<\/i><\/span><\/p>\t\t\t\t\t\t<\/div>\n\t\t\t\t<\/div>\n\t\t\t\t<div class=\"elementor-element elementor-element-3df5c8c animated-slow elementor-invisible elementor-widget elementor-widget-image\" data-id=\"3df5c8c\" data-element_type=\"widget\" data-settings=\"{&quot;_animation&quot;:&quot;fadeInUp&quot;,&quot;_animation_delay&quot;:1000}\" data-widget_type=\"image.default\">\n\t\t\t\t<div class=\"elementor-widget-container\">\n\t\t\t\t\t\t\t\t\t\t\t\t\t\t\t<img decoding=\"async\" width=\"2000\" height=\"1414\" src=\"https:\/\/nocey.ch\/wp-content\/uploads\/2023\/10\/anime_4-1.gif\" class=\"attachment-full size-full wp-image-1939\" alt=\"\" \/>\t\t\t\t\t\t\t\t\t\t\t\t\t\t\t<\/div>\n\t\t\t\t<\/div>\n\t\t\t\t\t<\/div>\n\t\t<\/div>\n\t\t\t\t\t\t\t<\/div>\n\t\t<\/section>\n\t\t\t\t<section class=\"elementor-section elementor-inner-section elementor-element elementor-element-1fc3c54b elementor-section-boxed elementor-section-height-default elementor-section-height-default\" data-id=\"1fc3c54b\" data-element_type=\"section\">\n\t\t\t\t\t\t<div class=\"elementor-container elementor-column-gap-wider\">\n\t\t\t\t\t<div class=\"elementor-column elementor-col-100 elementor-inner-column elementor-element elementor-element-7b746cf\" data-id=\"7b746cf\" data-element_type=\"column\">\n\t\t\t<div class=\"elementor-widget-wrap elementor-element-populated\">\n\t\t\t\t\t\t\t\t<div class=\"elementor-element elementor-element-5a7de94 elementor-widget__width-initial elementor-widget elementor-widget-heading\" data-id=\"5a7de94\" data-element_type=\"widget\" data-widget_type=\"heading.default\">\n\t\t\t\t<div class=\"elementor-widget-container\">\n\t\t\t<h2 class=\"elementor-heading-title elementor-size-default\">\u0641 \u0646\u0648\u064a\u0644 ( Noelle )\u0641\u064a \u0646\u0648\u0633\u064a ( Nocey )\u0643 \u0627\u0644\u0639\u0642\u0631\u0628 \u0623\u0644\u0635\u063a\u064a\u0631 \u0641\u064a \u0623\u0644\u0633\u0627\u0639\u0629 \u0623\u0644\u062f\u0642\u0627\u0642\u0629.<\/h2>\t\t<\/div>\n\t\t\t\t<\/div>\n\t\t\t\t<div class=\"elementor-element elementor-element-70d47e8 elementor-widget__width-initial elementor-widget elementor-widget-text-editor\" data-id=\"70d47e8\" data-element_type=\"widget\" data-widget_type=\"text-editor.default\">\n\t\t\t\t<div class=\"elementor-widget-container\">\n\t\t\t\t\t\t\t<p class=\" translation-block\">\u0641\u0627 \u0648\u062d\u0631\u0641\u064a\u064a\u0646 \u0639\u0644\u0649 \u0623\u0644\u0645\u0627\u062f\u0629 \u0635\u0648\u0631\u0629 \u062c\u0645\u064a\u0644\u0629 \u0648\u062d\u0631\u0643\u0629 \u0623\u0644\u0637\u0628\u064a\u0639\u0629 \u0648\u062f\u0642\u0629 \u0623\u0644\u0646\u0638\u0627\u0645. \u0633\u0628\u063a \u0623 \u0635\u062d\u0627\u0628 \u0623\u0644\u0645\u0634\u0631\u0648\u0639 \u0645\u0646 \u0645\u062e\u0637\u0637\u064a\u0646\n\u0645\u062a\u0642\u0646\u0629 \u062a\u062d\u0642\u0642 \u0628\u0647 \u0637\u0645\u0648\u062d\u0646\u0627 \u0623\u0644\u0630\u064a \u062a\u062c\u0627\u0648\u0632\u0646\u0627 \u0628\u0647 \u062d\u062f\u0648\u062f \u0630\u0648\u0623\u062a\u0646\u0627 \u0623 \u0644\u0649 \u0633\u0639\u0629 \u0623\u0644\u0637\u0628\u064a\u0639\u0629 \u0648\u0623\u0646\u0641\u062a\u0627\u062d\u0647\u0627\u060c \u0648\u0645\u064a\u0631\u0623\u062b \u0623\u0644\u062b\u0642\u0627\u0641\u0629 \u0648\u063a\u0646\u0627\u0647\u0627\u060c\n\u0641\u064a \u0623 \u062c\u0648\u0623\u0621 \u0645\u0646 \u0623\u0644 \u0623\u062e\u0644\u0627\u0635 \u0644\u0644\u062a\u0627\u0631\u064a\u062e \u0623\u0644\u0630\u064a \u0635\u0646\u0639\u062a\u0647 \u0639\u0627\u0626\u0644\u062a\u0646\u0627 \u0623\u0644\u0643\u0628\u064a\u0631\u0629 \u0641\u064a \u0635\u0646\u0627\u0639\u0629 \u0623\u0644\u0633\u0627\u0639\u0627\u062a \u0623\u0644\u0641\u0627\u062e\u0631\u0629.<\/p>\n<p>\n\u062b\u0645 \u0623 \u0646 \u0646\u0648\u064a\u0644 (Noelle) \u0628\u0639\u062f \u0623 \u0646 \u0623 \u062a\u0645\u062a \u062f\u0631\u0623\u0633\u062a\u0647\u0627\u060c \u0623 \u062a\u062a\u0647\u0627 \u0635\u0646\u0627\u0639\u0629 \u0623\u0644\u0633\u0627\u0639\u0627\u062a \u0623\u0644\u0641\u0627\u062e\u0631\u0629 \u0639\u0644\u0649 \u063a\u064a\u0631 \u0645\u064a\u0639\u0627\u062f. \u0641\u0628\u0627\u062f\u0631\u062a\n\u0645\u0646\u0630 \u0630\u0644\u0643 \u0623\u0644\u062d\u064a\u0646 \u0623 \u0644\u0649 \u0623 \u0646\u0634\u0627\u0621 \u0623\u0644\u0646\u0645\u0627\u0630\u062c \u0636\u0645\u0646 \u0642\u0633\u0645 \u0623\u0644\u062a\u0632\u064a\u064a\u0646 \u0641\u064a \u0645\u0635\u0646\u0639 \u0644\u0644\u0633\u0627\u0639\u0627\u062a \u0641\u064a \u0648\u0623\u062f\u064a \u062c\u0648 (La Vall\u00e9e de Joux).&nbsp;<\/p>\n<p>\u062b\u0645 \u062a\u0637\u0648\u0631\u062a \u0645\u0647\u0627\u0631\u0623\u062a \u0647\u0627 \u0641\u064a \u0645\u0635\u0627\u0646\u0639 \u0623 \u062e\u0631\u0649 \u0644\u0644 \u0633\u0627\u0639\u0627\u062a \u0623\u0644\u0641\u0627\u062e\u0631\u0629 \u0623 \u0644\u0649 \u0623 \u0646 \u0623 \u0635\u0628\u062d\u062a \u0623 \u0643\u062b\u0631 \u0623\u062a\u0633\u0627\u0639\u0627 \u0648\u062f\u0642\u0629\n\u0628\u0641\u0636\u0644 \u0639\u0627\u0645 \u0643\u0627\u0645\u0644 \u0642\u0636\u062a\u0647 \u0641\u064a \u062a\u0643\u0648\u064a\u0646 \u0641\u0631\u064a\u062f \u0648\u0645\u0643\u062b\u0641 \u0648\u062f\u0642\u064a\u0642 \u0641\u064a \u0623\u0644\u062a\u0644\u0645\u064a\u0639 \u0623\u0644\u064a\u062f\u0648\u064a.&nbsp;<\/p>\n<p><i>\u0648\u0647\u0648 \u0645\u0646 \u0623 \u0631\u0642\u0649 \u062d\u0631\u0641 \u0635\u0646\u0627\u0639\u0629\n\u0623\u0644\u0633\u0627\u0639\u0627\u062a. \u0648\u0623\u0644\u0623 \u0646 \u0648\u0628\u0639\u062f \u0623 \u0643\u062b\u0631 \u0645\u0646 \u0639\u0634\u0631 \u0633\u0646\u0648\u0623\u062a \u0645\u0646 \u0623\u0644\u062e\u0628\u0631\u0629\u060c \u062a\u0645\u0627\u0631\u0633 \u0646\u0648\u064a\u0644  (Noelle) \u0645\u0647\u0646\u062a\u0647\u0627 \u0641\u064a \u0648\u0631\u0634\u062a\u0647\u0627\n\u0623\u0644\u062e\u0627\u0635\u0629.<\/i><\/p>\t\t\t\t\t\t<\/div>\n\t\t\t\t<\/div>\n\t\t\t\t\t<\/div>\n\t\t<\/div>\n\t\t\t\t\t\t\t<\/div>\n\t\t<\/section>\n\t\t\t\t\t<\/div>\n\t\t<\/div>\n\t\t\t\t\t\t\t<\/div>\n\t\t<\/section>\n\t\t\t\t\t\t\t<\/div>","protected":false},"excerpt":{"rendered":"<p>L&rsquo;histoire de Nocey Cette heureuse rencontre a simplement r\u00e9uni deux personnalit\u00e9s qui avaient pour passion commune l\u2019horlogerie\u2009 ; ce m\u00eame r\u00eave d\u2019explorer cet univers, entour\u00e9 des meilleurs artisans. Une fusion naturelle op\u00e9r\u00e9e, pr\u00eate \u00e0 \u00e9tablir un univers propre, pour aboutir au mieux. Nocey est une contraction des 2 pr\u00e9noms des fondatrices et cr\u00e9atrices de la [&hellip;]<\/p>","protected":false},"author":1,"featured_media":0,"parent":0,"menu_order":0,"comment_status":"closed","ping_status":"closed","template":"","meta":{"footnotes":""},"_links":{"self":[{"href":"https:\/\/nocey.ch\/ar\/wp-json\/wp\/v2\/pages\/361"}],"collection":[{"href":"https:\/\/nocey.ch\/ar\/wp-json\/wp\/v2\/pages"}],"about":[{"href":"https:\/\/nocey.ch\/ar\/wp-json\/wp\/v2\/types\/page"}],"author":[{"embeddable":true,"href":"https:\/\/nocey.ch\/ar\/wp-json\/wp\/v2\/users\/1"}],"replies":[{"embeddable":true,"href":"https:\/\/nocey.ch\/ar\/wp-json\/wp\/v2\/comments?post=361"}],"version-history":[{"count":12,"href":"https:\/\/nocey.ch\/ar\/wp-json\/wp\/v2\/pages\/361\/revisions"}],"predecessor-version":[{"id":2457,"href":"https:\/\/nocey.ch\/ar\/wp-json\/wp\/v2\/pages\/361\/revisions\/2457"}],"wp:attachment":[{"href":"https:\/\/nocey.ch\/ar\/wp-json\/wp\/v2\/media?parent=361"}],"curies":[{"name":"wp","href":"https:\/\/api.w.org\/{rel}","templated":true}]}}