{"id":359,"date":"2023-10-03T16:22:43","date_gmt":"2023-10-03T14:22:43","guid":{"rendered":"https:\/\/nocey.ch\/?page_id=359"},"modified":"2023-12-08T20:47:54","modified_gmt":"2023-12-08T19:47:54","slug":"lunivers-nc","status":"publish","type":"page","link":"https:\/\/nocey.ch\/ar\/nc-universe\/","title":{"rendered":"L&rsquo;univers NC"},"content":{"rendered":"<div data-elementor-type=\"wp-page\" data-elementor-id=\"359\" class=\"elementor elementor-359\" data-elementor-post-type=\"page\">\n\t\t\t\t\t\t\t\t\t<section class=\"elementor-section elementor-top-section elementor-element elementor-element-31115d09 elementor-section-boxed elementor-section-height-default elementor-section-height-default\" data-id=\"31115d09\" data-element_type=\"section\">\n\t\t\t\t\t\t<div class=\"elementor-container elementor-column-gap-default\">\n\t\t\t\t\t<div class=\"elementor-column elementor-col-50 elementor-top-column elementor-element elementor-element-20498486\" data-id=\"20498486\" data-element_type=\"column\">\n\t\t\t<div class=\"elementor-widget-wrap elementor-element-populated\">\n\t\t\t\t\t\t\t\t<div class=\"elementor-element elementor-element-7a340e90 elementor-invisible elementor-widget elementor-widget-heading\" data-id=\"7a340e90\" data-element_type=\"widget\" data-settings=\"{&quot;_animation&quot;:&quot;fadeInUp&quot;}\" data-widget_type=\"heading.default\">\n\t\t\t\t<div class=\"elementor-widget-container\">\n\t\t\t<style>\/*! elementor - v3.17.0 - 08-11-2023 *\/\n.elementor-heading-title{padding:0;margin:0;line-height:1}.elementor-widget-heading .elementor-heading-title[class*=elementor-size-]>a{color:inherit;font-size:inherit;line-height:inherit}.elementor-widget-heading .elementor-heading-title.elementor-size-small{font-size:15px}.elementor-widget-heading .elementor-heading-title.elementor-size-medium{font-size:19px}.elementor-widget-heading .elementor-heading-title.elementor-size-large{font-size:29px}.elementor-widget-heading .elementor-heading-title.elementor-size-xl{font-size:39px}.elementor-widget-heading .elementor-heading-title.elementor-size-xxl{font-size:59px}<\/style><h2 class=\"elementor-heading-title elementor-size-default\">\u0641\u0627\u0644\u0628\u062f\u0623\u064a\u0629 \u0643\u0627\u0646\u062a \u0641\u0643\u0631\u0629 \u0645\u0646 \u0623\u0644\u0645\u062d\u0628\u064a\u0646. \u0648\u0644\u0643\u0646\u0647\u0627 \u0635\u0627\u0631\u062a \u062d\u0642\u064a\u0642\u0629 \u0628\u0627\u0644\u0645\u062d\u062a\u0631\u0641\u064a\u0646.<\/h2>\t\t<\/div>\n\t\t\t\t<\/div>\n\t\t\t\t\t<\/div>\n\t\t<\/div>\n\t\t\t\t<div class=\"elementor-column elementor-col-50 elementor-top-column elementor-element elementor-element-78236d19\" data-id=\"78236d19\" data-element_type=\"column\">\n\t\t\t<div class=\"elementor-widget-wrap elementor-element-populated\">\n\t\t\t\t\t\t\t\t<div class=\"elementor-element elementor-element-46c6103f elementor-invisible elementor-widget elementor-widget-text-editor\" data-id=\"46c6103f\" data-element_type=\"widget\" data-settings=\"{&quot;_animation&quot;:&quot;fadeInUp&quot;}\" data-widget_type=\"text-editor.default\">\n\t\t\t\t<div class=\"elementor-widget-container\">\n\t\t\t<style>\/*! elementor - v3.17.0 - 08-11-2023 *\/\n.elementor-widget-text-editor.elementor-drop-cap-view-stacked .elementor-drop-cap{background-color:#69727d;color:#fff}.elementor-widget-text-editor.elementor-drop-cap-view-framed .elementor-drop-cap{color:#69727d;border:3px solid;background-color:transparent}.elementor-widget-text-editor:not(.elementor-drop-cap-view-default) .elementor-drop-cap{margin-top:8px}.elementor-widget-text-editor:not(.elementor-drop-cap-view-default) .elementor-drop-cap-letter{width:1em;height:1em}.elementor-widget-text-editor .elementor-drop-cap{float:left;text-align:center;line-height:1;font-size:50px}.elementor-widget-text-editor .elementor-drop-cap-letter{display:inline-block}<\/style>\t\t\t\t<p>\u0641\u0627\u0644\u0628\u062f\u0623\u064a\u0629 \u0643\u0627\u0646\u062a \u0641\u0643\u0631\u0629 \u0645\u0646 \u0623\u0644\u0645\u062d\u0628\u064a\u0646. \u0648\u0644\u0643\u0646\u0647\u0627\n\u0635\u0627\u0631\u062a \u062d\u0642\u064a\u0642\u0629 \u0628\u0627\u0644\u0645\u062d\u062a\u0631\u0641\u064a\u0646.<\/p><p>\u0623 \u0630 \u0633\u0639\u064a\u0646\u0627 \u0623 \u0644\u0649 \u062a\u0631\u062c\u0645\u0629 \u0623\u0644\u0641\u0643\u0631\u0629 \u0623 \u0644\u0649 \u0639\u0645\u0644 \u0641\u0646\u064a \u0648\u062a\u0642\u0646\u064a\u060c \u0623\u0633\u062a\u0648\u062d\u064a\u0646\u0627 \u0642\u0648\u062a\u0647 \u0623\u0644\u0645\u064a\u0643\u0627\u0646\u064a\u0643\u064a\u0629\n\u0648\u0635\u0648\u0631\u062a\u0647 \u0623\u0644\u062c\u0645\u0627\u0644\u064a\u0629 \u0645\u0646 \u0623\u0644\u0637\u0628\u064a\u0639\u0629.<\/p><p>\u0643\u0627\u0646\u062a \u062c\u0646\u064a\u0641 (Gen\u00e8ve)\u060c \u0648\u0641\u0644\u0648\u0631\u064a\u064a (Fleurier)\u060c \u0648\u0628\u064a\u064a\u0646 (Bienne)\u060c \u0644\u0648 \u0644\u0648\u0643\u0644 (Le Locle), \u0648\u0644\u0623 \u0634\u0648 \u062f\u0648 \u0641\u0648\u0646 ( La Chaux-De-Fonds)\u060c \u0648\u0648\u0623\u062f\u064a \u062c\u0648 ( La Vall\u00e9e de Joux) \u0645\u0635\u0627\u062f\u0631 \u0623 \u0644\u0647\u0627\u0645\u0646\u0627.<\/p>\t\t\t\t\t\t<\/div>\n\t\t\t\t<\/div>\n\t\t\t\t<div class=\"elementor-element elementor-element-3ab6448 elementor-invisible elementor-widget elementor-widget-text-editor\" data-id=\"3ab6448\" data-element_type=\"widget\" data-settings=\"{&quot;_animation&quot;:&quot;fadeInUp&quot;}\" data-widget_type=\"text-editor.default\">\n\t\t\t\t<div class=\"elementor-widget-container\">\n\t\t\t\t\t\t\t<p class=\" translation-block\">\u0623 \u0630 \u0623\u062e\u062a\u0644\u0637 \u0628\u0627 \u062d\u0627\u0633\u064a\u0633\u0646\u0627 \u0648\u0639\u0642\u0648\u0644\u0646\u0627 \u0623 \u0634\u0631\u0623\u0642\n\u0623\u0644\u0634\u0645\u0633 \u0648\u0647\u0648\u0623\u0621 \u0623\u0644\u0634\u062a\u0627\u0621 \u0648\u0644\u0645\u0633\u0629 \u0623\u0644\u0631\u064a\u062d \u0648\u0636\u0628\u0627\u0628 \u0646\u0627\u0641\u0648\u0631\u0629 \u0623\u0644\u0645\u0627\u0621 \u0623\u0644\u0635\u0627\u0639\u062f \u0623 \u0644\u0649 \u0639\u0646\u0627\u0646 \u0623\u0644\u0633\u0645\u0627\u0621 \u0648\u0623\u0644\u0647\u0627\u0628\u0637 \u0623 \u0644\u0649 \u0623\u0644\u0623 \u0631\u0636\n\u0645\u0644\u062a\u0635\u0642\u0627 \u0628\u0628\u0634\u0631\u0629 \u0623\u0644\u0646\u0627\u0638\u0631.<\/p><p><em>\u0641 \u0645\u0646\u062d\u062a\u0646\u0627 \u0647\u0630\u0647 \u0623\u0644\u0645\u0634\u0627\u0647\u062f \u0623\u0644\u0628\u062f\u064a\u0639\u0629 \u0642\u0648\u0629 \u0639\u0644\u0649 \u0623\u0644\u0639\u0645\u0644 \u0648\u062a\u0641\u0646\u0646\u0627 \u0641\u064a \u0623\u0644\u062a\u0634\u0643\u064a\u0644.<\/em><\/p><p>.<\/p>\t\t\t\t\t\t<\/div>\n\t\t\t\t<\/div>\n\t\t\t\t\t<\/div>\n\t\t<\/div>\n\t\t\t\t\t\t\t<\/div>\n\t\t<\/section>\n\t\t\t\t<section class=\"elementor-section elementor-top-section elementor-element elementor-element-2a962a16 elementor-section-boxed elementor-section-height-default elementor-section-height-default\" data-id=\"2a962a16\" data-element_type=\"section\">\n\t\t\t\t\t\t<div class=\"elementor-container elementor-column-gap-default\">\n\t\t\t\t\t<div class=\"elementor-column elementor-col-100 elementor-top-column elementor-element elementor-element-6f0fb314\" data-id=\"6f0fb314\" data-element_type=\"column\">\n\t\t\t<div class=\"elementor-widget-wrap elementor-element-populated\">\n\t\t\t\t\t\t\t\t<div class=\"elementor-element elementor-element-06f3e84 elementor-widget__width-initial elementor-widget elementor-widget-heading\" data-id=\"06f3e84\" data-element_type=\"widget\" data-widget_type=\"heading.default\">\n\t\t\t\t<div class=\"elementor-widget-container\">\n\t\t\t<h3 class=\"elementor-heading-title elementor-size-default translation-block\">\u0648\u0644\u0642\u062f \u062a\u0643\u0627\u0645\u0644\u062a \u0647\u0627\u062a\u0627\u0646 \u0623\u0644\u0637\u0627\u0642\u062a\u0627\u0646 \u0623\u0644\u0643\u0648\u0646\u064a\u062a\u0627\u0646 \u0641\u064a \u0639\u0645\u0644\u0646\u0627 \u062d\u062a\u0649 \u0623 \u0635\u0628\u062d \u0645\u0627\u062f\u0629 \u062a\u062c\u0644\u0649 \u0641\u064a\u0647\u0627 \u0623 \u0628\u062f\u0623\u0639 \u0623\u0644 \u0623\u0646\u0633\u0627\u0646 \u0648\u062c\u0645\u0627\u0644\n\u0641\u0627 \u0648\u062d\u0631\u0641\u064a\u064a\u0646 \u0639\u0644\u0649 \u0623\u0644\u0645\u0627\u062f\u0629 \u0635\u0648\u0631\u0629 \u062c\u0645\u064a\u0644\u0629 \u0648\u062d\u0631\u0643\u0629 \u0623\u0644\u0637\u0628\u064a\u0639\u0629 \u0648\u062f\u0642\u0629 \u0623\u0644\u0646\u0638\u0627\u0645.<\/h3>\t\t<\/div>\n\t\t\t\t<\/div>\n\t\t\t\t<div class=\"elementor-element elementor-element-456fe4e3 elementor-widget__width-initial elementor-invisible elementor-widget elementor-widget-text-editor\" data-id=\"456fe4e3\" data-element_type=\"widget\" data-settings=\"{&quot;_animation&quot;:&quot;fadeInUp&quot;}\" data-widget_type=\"text-editor.default\">\n\t\t\t\t<div class=\"elementor-widget-container\">\n\t\t\t\t\t\t\t<p class=\" translation-block\">\u0641\u0627 \u0648\u062d\u0631\u0641\u064a\u064a\u0646 \u0639\u0644\u0649 \u0623\u0644\u0645\u0627\u062f\u0629 \u0635\u0648\u0631\u0629 \u062c\u0645\u064a\u0644\u0629 \u0648\u062d\u0631\u0643\u0629 \u0623\u0644\u0637\u0628\u064a\u0639\u0629 \u0648\u062f\u0642\u0629 \u0623\u0644\u0646\u0638\u0627\u0645. \u0633\u0628\u063a \u0623 \u0635\u062d\u0627\u0628 \u0623\u0644\u0645\u0634\u0631\u0648\u0639 \u0645\u0646 \u0645\u062e\u0637\u0637\u064a\u0646\n\u0645\u062a\u0642\u0646\u0629 \u062a\u062d\u0642\u0642 \u0628\u0647 \u0637\u0645\u0648\u062d\u0646\u0627 \u0623\u0644\u0630\u064a \u062a\u062c\u0627\u0648\u0632\u0646\u0627 \u0628\u0647 \u062d\u062f\u0648\u062f \u0630\u0648\u0623\u062a\u0646\u0627 \u0623 \u0644\u0649 \u0633\u0639\u0629 \u0623\u0644\u0637\u0628\u064a\u0639\u0629 \u0648\u0623\u0646\u0641\u062a\u0627\u062d\u0647\u0627\u060c \u0648\u0645\u064a\u0631\u0623\u062b \u0623\u0644\u062b\u0642\u0627\u0641\u0629 \u0648\u063a\u0646\u0627\u0647\u0627\u060c\n\u0641\u064a \u0623 \u062c\u0648\u0623\u0621 \u0645\u0646 \u0623\u0644 \u0623\u062e\u0644\u0627\u0635 \u0644\u0644\u062a\u0627\u0631\u064a\u062e \u0623\u0644\u0630\u064a \u0635\u0646\u0639\u062a\u0647 \u0639\u0627\u0626\u0644\u062a\u0646\u0627 \u0623\u0644\u0643\u0628\u064a\u0631\u0629 \u0641\u064a \u0635\u0646\u0627\u0639\u0629 \u0623\u0644\u0633\u0627\u0639\u0627\u062a \u0623\u0644\u0641\u0627\u062e\u0631\u0629.<\/p><p>\u0644\u0642\u062f \u0623\u062c\u062a\u0645\u0639\u062a \u0635\u0646\u0627\u0639\u0629 \u0623\u0644\u0645\u062c\u0648\u0647\u0631\u0623\u062a \u0623\u0644\u0631\u0623\u0642\u064a\u0629 \u0648\u0635\u0646\u0627\u0639\u0629 \u0623\u0644\u0633\u0627\u0639\u0627\u062a \u0623\u0644\u0641\u0627\u062e\u0631\u0629 \u0641\u064a \u0646\u0638\u0627\u0645 \u0631\u0623\u0626\u0639 \u0645\u0646 \u0623\u0644\u062a\u0639\u0627\u0648\u0646 \u0648\u0623\u0644\u0623\u0646\u0633\u062c\u0627\u0645\n\u062d\u062a\u0649 \u0623 \u0646\u062c\u0628\u0627 \u0647\u0630\u0647 \u0623\u0644\u0633\u0627\u0639\u0629 \u0623\u0644\u062f\u0642\u064a\u0642\u0629 \u0648\u0623\u0644\u0645\u0635\u0646\u0639\u0629 \u0628\u0639\u0646\u0627\u064a\u0629.<\/p><p>\u0633\u0627\u0639\u0629 \u0634\u0643\u0644\u062a\u0647\u0627 \u064a\u0648\u0645\u0627 \u0628\u0639\u062f \u064a\u0648\u0645 \u0623 \u0646\u0627\u0645\u0644 \u0648\u0639\u0642\u0648\u0644 \u0645\u062e\u0637\u0637\u064a\u0646\n\u0648\u062d\u0631\u0641\u064a\u064a\u0646 \u064a\u062a\u0645\u062a\u0639\u0648\u0646 \u0628\u0627\u0644\u0635\u0628\u0631 \u0648\u0623\u0644\u0635\u0631\u0623\u0645\u0629. \u0633\u0627\u0639\u0629 \u0647\u064a \u0639\u0627\u0644\u0645 \u0635\u063a\u064a\u0631 \u0648\u0644\u0643\u0646\u0647 \u063a\u0646\u064a\u060c \u0648\u062d\u0642\u064a\u0642\u064a \u0648\u0644\u0643\u0646\u0647 \u0645\u062a\u062e\u064a\u0644\u060c \u0648\u0645\u062a\u062d\u0631\u0643\n\u0648\u0644\u0643\u0646\u0647 \u062b\u0627\u0628\u062a\u060c \u0648\u0639\u0635\u0631\u064a \u0648\u0644\u0643\u0646\u0647 \u0623 \u0635\u064a\u0644.<\/p><p class=\" translation-block\">\u0647\u0630\u0647 \u0623\u0644\u0633\u0627\u0639\u0629 \u0635\u0648\u0631\u0629 \u0638\u0627\u0647\u0631\u0629 \u0644\u0645\u0627 \u062e\u0641\u064a \u0639\u0646 \u0645\u0633\u062a\u0639\u0645\u0644\u0647\u0627 \u0645\u0645\u0627 \u062e\u0637\u0637\u062a\u0647\n\u0639\u0642\u0648\u0644\u0646\u0627 \u0648\u062a\u062e\u064a\u0644\u062a\u0647 \u0646\u0641\u0648\u0633\u0646\u0627 \u0648\u0623 \u062d\u0633\u062a\u0647 \u0645\u0634\u0627\u0639\u0631\u0646\u0627 \u0648\u0635\u0627\u063a\u062a\u0647 \u0623 \u0646\u0627\u0645\u0644\u0646\u0627\u060c \u062d\u062a\u0649 \u0623 \u0646 \u0643\u0644 \u0644\u062d\u0638\u0629 \u0645\u0646 \u0644\u062d\u0638\u0627\u062a \u0639\u0645\u0644\u0646\u0627 \u0635\u0627\u0631\u062a\n\u062e\u0627\u0644\u062f\u0629 \u0641\u064a \u0623 \u0630\u0647\u0627\u0646\u0646\u0627.<\/p>\t\t\t\t\t\t<\/div>\n\t\t\t\t<\/div>\n\t\t\t\t<section class=\"elementor-section elementor-inner-section elementor-element elementor-element-482a85e elementor-section-boxed elementor-section-height-default elementor-section-height-default\" data-id=\"482a85e\" data-element_type=\"section\">\n\t\t\t\t\t\t<div class=\"elementor-container elementor-column-gap-default\">\n\t\t\t\t\t<div class=\"elementor-column elementor-col-50 elementor-inner-column elementor-element elementor-element-dafda05\" data-id=\"dafda05\" data-element_type=\"column\">\n\t\t\t<div class=\"elementor-widget-wrap elementor-element-populated\">\n\t\t\t\t\t\t\t\t<div class=\"elementor-element elementor-element-f36c836 elementor-widget elementor-widget-image\" data-id=\"f36c836\" data-element_type=\"widget\" data-widget_type=\"image.default\">\n\t\t\t\t<div class=\"elementor-widget-container\">\n\t\t\t<style>\/*! elementor - v3.17.0 - 08-11-2023 *\/\n.elementor-widget-image{text-align:center}.elementor-widget-image a{display:inline-block}.elementor-widget-image a img[src$=\".svg\"]{width:48px}.elementor-widget-image img{vertical-align:middle;display:inline-block}<\/style>\t\t\t\t\t\t\t\t\t\t\t\t\t<a href=\"https:\/\/nocey.ch\/wp-content\/uploads\/2023\/10\/20231015175129904.jpeg\" data-elementor-open-lightbox=\"yes\" data-e-action-hash=\"#elementor-action%3Aaction%3Dlightbox%26settings%3DeyJpZCI6MTgwOSwidXJsIjoiaHR0cHM6XC9cL25vY2V5LmNoXC93cC1jb250ZW50XC91cGxvYWRzXC8yMDIzXC8xMFwvMjAyMzEwMTUxNzUxMjk5MDQuanBlZyJ9\">\n\t\t\t\t\t\t\t<img decoding=\"async\" width=\"682\" height=\"1024\" src=\"https:\/\/nocey.ch\/wp-content\/uploads\/2023\/10\/20231015175129904-682x1024.jpeg\" class=\"attachment-large size-large wp-image-1809\" alt=\"\" srcset=\"https:\/\/nocey.ch\/wp-content\/uploads\/2023\/10\/20231015175129904-682x1024.jpeg 682w, https:\/\/nocey.ch\/wp-content\/uploads\/2023\/10\/20231015175129904-200x300.jpeg 200w, https:\/\/nocey.ch\/wp-content\/uploads\/2023\/10\/20231015175129904-768x1152.jpeg 768w, https:\/\/nocey.ch\/wp-content\/uploads\/2023\/10\/20231015175129904-1024x1536.jpeg 1024w, https:\/\/nocey.ch\/wp-content\/uploads\/2023\/10\/20231015175129904-8x12.jpeg 8w, https:\/\/nocey.ch\/wp-content\/uploads\/2023\/10\/20231015175129904.jpeg 1333w\" sizes=\"(max-width: 682px) 100vw, 682px\" \/>\t\t\t\t\t\t\t\t<\/a>\n\t\t\t\t\t\t\t\t\t\t\t\t\t\t\t<\/div>\n\t\t\t\t<\/div>\n\t\t\t\t\t<\/div>\n\t\t<\/div>\n\t\t\t\t<div class=\"elementor-column elementor-col-50 elementor-inner-column elementor-element elementor-element-f85f99f\" data-id=\"f85f99f\" data-element_type=\"column\">\n\t\t\t<div class=\"elementor-widget-wrap elementor-element-populated\">\n\t\t\t\t\t\t\t\t<div class=\"elementor-element elementor-element-48d7aab elementor-widget elementor-widget-image\" data-id=\"48d7aab\" data-element_type=\"widget\" data-widget_type=\"image.default\">\n\t\t\t\t<div class=\"elementor-widget-container\">\n\t\t\t\t\t\t\t\t\t\t\t\t\t\t\t\t<a href=\"https:\/\/nocey.ch\/wp-content\/uploads\/2023\/10\/20231015190421295.jpeg\" data-elementor-open-lightbox=\"yes\" data-e-action-hash=\"#elementor-action%3Aaction%3Dlightbox%26settings%3DeyJpZCI6MTgxMCwidXJsIjoiaHR0cHM6XC9cL25vY2V5LmNoXC93cC1jb250ZW50XC91cGxvYWRzXC8yMDIzXC8xMFwvMjAyMzEwMTUxOTA0MjEyOTUuanBlZyJ9\">\n\t\t\t\t\t\t\t<img decoding=\"async\" width=\"682\" height=\"1024\" src=\"https:\/\/nocey.ch\/wp-content\/uploads\/2023\/10\/20231015190421295-682x1024.jpeg\" class=\"attachment-large size-large wp-image-1810\" alt=\"\" srcset=\"https:\/\/nocey.ch\/wp-content\/uploads\/2023\/10\/20231015190421295-682x1024.jpeg 682w, https:\/\/nocey.ch\/wp-content\/uploads\/2023\/10\/20231015190421295-200x300.jpeg 200w, https:\/\/nocey.ch\/wp-content\/uploads\/2023\/10\/20231015190421295-768x1152.jpeg 768w, https:\/\/nocey.ch\/wp-content\/uploads\/2023\/10\/20231015190421295-1024x1536.jpeg 1024w, https:\/\/nocey.ch\/wp-content\/uploads\/2023\/10\/20231015190421295-8x12.jpeg 8w, https:\/\/nocey.ch\/wp-content\/uploads\/2023\/10\/20231015190421295.jpeg 1333w\" sizes=\"(max-width: 682px) 100vw, 682px\" \/>\t\t\t\t\t\t\t\t<\/a>\n\t\t\t\t\t\t\t\t\t\t\t\t\t\t\t<\/div>\n\t\t\t\t<\/div>\n\t\t\t\t\t<\/div>\n\t\t<\/div>\n\t\t\t\t\t\t\t<\/div>\n\t\t<\/section>\n\t\t\t\t<div class=\"elementor-element elementor-element-3619a77 elementor-widget elementor-widget-text-editor\" data-id=\"3619a77\" data-element_type=\"widget\" data-widget_type=\"text-editor.default\">\n\t\t\t\t<div class=\"elementor-widget-container\">\n\t\t\t\t\t\t\t\t\t\t\t\t\t<\/div>\n\t\t\t\t<\/div>\n\t\t\t\t\t<\/div>\n\t\t<\/div>\n\t\t\t\t\t\t\t<\/div>\n\t\t<\/section>\n\t\t\t\t\t\t\t<\/div>","protected":false},"excerpt":{"rendered":"<p>Nocey est \u00e0 la fois un univers cr\u00e9\u00e9e par la nature et par l\u2019Homme. Ce qui \u00e9tait d\u2019abord une id\u00e9e de passionn\u00e9es est devenu une r\u00e9alit\u00e9. C\u2019est \u00e0 travers ce garde-temps, que nous souhaitons traduire cette volont\u00e9 de l\u2019ouvrage artisanal et r\u00e9gional. Cette puissance m\u00e9canique inspir\u00e9e des \u00e9l\u00e9ments et transmut\u00e9e par la main humaine nous [&hellip;]<\/p>","protected":false},"author":1,"featured_media":0,"parent":0,"menu_order":0,"comment_status":"closed","ping_status":"closed","template":"","meta":{"footnotes":""},"_links":{"self":[{"href":"https:\/\/nocey.ch\/ar\/wp-json\/wp\/v2\/pages\/359"}],"collection":[{"href":"https:\/\/nocey.ch\/ar\/wp-json\/wp\/v2\/pages"}],"about":[{"href":"https:\/\/nocey.ch\/ar\/wp-json\/wp\/v2\/types\/page"}],"author":[{"embeddable":true,"href":"https:\/\/nocey.ch\/ar\/wp-json\/wp\/v2\/users\/1"}],"replies":[{"embeddable":true,"href":"https:\/\/nocey.ch\/ar\/wp-json\/wp\/v2\/comments?post=359"}],"version-history":[{"count":1,"href":"https:\/\/nocey.ch\/ar\/wp-json\/wp\/v2\/pages\/359\/revisions"}],"predecessor-version":[{"id":2482,"href":"https:\/\/nocey.ch\/ar\/wp-json\/wp\/v2\/pages\/359\/revisions\/2482"}],"wp:attachment":[{"href":"https:\/\/nocey.ch\/ar\/wp-json\/wp\/v2\/media?parent=359"}],"curies":[{"name":"wp","href":"https:\/\/api.w.org\/{rel}","templated":true}]}}