{"id":347,"date":"2023-10-03T16:22:10","date_gmt":"2023-10-03T14:22:10","guid":{"rendered":"https:\/\/nocey.ch\/?page_id=347"},"modified":"2023-11-13T22:03:26","modified_gmt":"2023-11-13T21:03:26","slug":"notre-histoire","status":"publish","type":"page","link":"https:\/\/nocey.ch\/ar\/our-story\/","title":{"rendered":"\u062a\u0627\u0631\u064a\u062e\u0646\u0627"},"content":{"rendered":"<div data-elementor-type=\"wp-page\" data-elementor-id=\"347\" class=\"elementor elementor-347\" data-elementor-post-type=\"page\">\n\t\t\t\t\t\t\t\t\t<section class=\"elementor-section elementor-top-section elementor-element elementor-element-063f034 elementor-section-boxed elementor-section-height-default elementor-section-height-default\" data-id=\"063f034\" data-element_type=\"section\">\n\t\t\t\t\t\t<div class=\"elementor-container elementor-column-gap-default\">\n\t\t\t\t\t<div class=\"elementor-column elementor-col-100 elementor-top-column elementor-element elementor-element-5771fa0\" data-id=\"5771fa0\" data-element_type=\"column\">\n\t\t\t<div class=\"elementor-widget-wrap elementor-element-populated\">\n\t\t\t\t\t\t\t\t<div class=\"elementor-element elementor-element-7f2a28f elementor-widget__width-initial animated-slow elementor-invisible elementor-widget elementor-widget-heading\" data-id=\"7f2a28f\" data-element_type=\"widget\" data-settings=\"{&quot;_animation&quot;:&quot;fadeInUp&quot;,&quot;_animation_delay&quot;:100}\" data-widget_type=\"heading.default\">\n\t\t\t\t<div class=\"elementor-widget-container\">\n\t\t\t<style>\/*! elementor - v3.17.0 - 08-11-2023 *\/\n.elementor-heading-title{padding:0;margin:0;line-height:1}.elementor-widget-heading .elementor-heading-title[class*=elementor-size-]>a{color:inherit;font-size:inherit;line-height:inherit}.elementor-widget-heading .elementor-heading-title.elementor-size-small{font-size:15px}.elementor-widget-heading .elementor-heading-title.elementor-size-medium{font-size:19px}.elementor-widget-heading .elementor-heading-title.elementor-size-large{font-size:29px}.elementor-widget-heading .elementor-heading-title.elementor-size-xl{font-size:39px}.elementor-widget-heading .elementor-heading-title.elementor-size-xxl{font-size:59px}<\/style><h2 class=\"elementor-heading-title elementor-size-default\">\u062a\u0628\u062f\u0623 \u0623\u0644\u0642\u0635\u0629 \u0628\u0644\u0645\u0639\u0629\u060c<\/h2>\t\t<\/div>\n\t\t\t\t<\/div>\n\t\t\t\t<div class=\"elementor-element elementor-element-433403e elementor-widget-tablet__width-initial elementor-widget elementor-widget-heading\" data-id=\"433403e\" data-element_type=\"widget\" data-widget_type=\"heading.default\">\n\t\t\t\t<div class=\"elementor-widget-container\">\n\t\t\t<p class=\"elementor-heading-title elementor-size-default translation-block\">\u0648\u0623 \u0628\u062f\u0623\u0639 \u0645\u0646 \u0623 \u0648\u0644 \u062e\u0637\u0648\u0629\u060c \u0648\u062a\u0641\u0627\u0639\u0644 \u0628\u064a\u0646 \u0623\u0644\u0645\u0631\u062a\u062c\u0649 \u0648\u0623\u0644\u0645\u0627\u062f\u0629\u060c \u0648\u062a\u0646\u0627\u063a\u0645 \u064a\u0646\u062a\u0647\u064a \u0628\u0646\u062c\u0645\u0629. \u0644\u0642\u062f\n\u0643\u0627\u0646\u062a \u0633\u0639\u064a\u0627 \u062f\u0624\u0648\u0628\u0627 \u064a\u0633\u062a\u0645\u062f \u062c\u0630\u0648\u0631\u0647 \u0645\u0646 \u0623\u0644\u062d\u064a\u0627\u0629\u060c \u0648\u064a\u0633\u062a\u0644\u0647\u0645 \u062e\u0637\u0637\u0647 \u0645\u0646 \u0623\u0644\u0623 \u0631\u0636 \u0648\u0623\u0644\u0633\u0645\u0627\u0621.<\/p>\t\t<\/div>\n\t\t\t\t<\/div>\n\t\t\t\t\t<\/div>\n\t\t<\/div>\n\t\t\t\t\t\t\t<\/div>\n\t\t<\/section>\n\t\t\t\t<section class=\"elementor-section elementor-top-section elementor-element elementor-element-03f6ed4 elementor-section-boxed elementor-section-height-default elementor-section-height-default\" data-id=\"03f6ed4\" data-element_type=\"section\">\n\t\t\t\t\t\t<div class=\"elementor-container elementor-column-gap-default\">\n\t\t\t\t\t<div class=\"elementor-column elementor-col-100 elementor-top-column elementor-element elementor-element-8ccb14e\" data-id=\"8ccb14e\" data-element_type=\"column\">\n\t\t\t<div class=\"elementor-widget-wrap elementor-element-populated\">\n\t\t\t\t\t\t\t\t<div class=\"elementor-element elementor-element-663ef79 animated-slow elementor-invisible elementor-widget elementor-widget-image\" data-id=\"663ef79\" data-element_type=\"widget\" data-settings=\"{&quot;_animation&quot;:&quot;fadeIn&quot;}\" data-widget_type=\"image.default\">\n\t\t\t\t<div class=\"elementor-widget-container\">\n\t\t\t<style>\/*! elementor - v3.17.0 - 08-11-2023 *\/\n.elementor-widget-image{text-align:center}.elementor-widget-image a{display:inline-block}.elementor-widget-image a img[src$=\".svg\"]{width:48px}.elementor-widget-image img{vertical-align:middle;display:inline-block}<\/style>\t\t\t\t\t\t\t\t\t\t\t\t<img decoding=\"async\" width=\"800\" height=\"569\" src=\"https:\/\/nocey.ch\/wp-content\/uploads\/2023\/10\/lake-7462680_1280-1024x728.jpg\" class=\"attachment-large size-large wp-image-671\" alt=\"\" srcset=\"https:\/\/nocey.ch\/wp-content\/uploads\/2023\/10\/lake-7462680_1280-1024x728.jpg 1024w, https:\/\/nocey.ch\/wp-content\/uploads\/2023\/10\/lake-7462680_1280-300x213.jpg 300w, https:\/\/nocey.ch\/wp-content\/uploads\/2023\/10\/lake-7462680_1280-768x546.jpg 768w, https:\/\/nocey.ch\/wp-content\/uploads\/2023\/10\/lake-7462680_1280-18x12.jpg 18w, https:\/\/nocey.ch\/wp-content\/uploads\/2023\/10\/lake-7462680_1280.jpg 1280w\" sizes=\"(max-width: 800px) 100vw, 800px\" \/>\t\t\t\t\t\t\t\t\t\t\t\t\t\t\t<\/div>\n\t\t\t\t<\/div>\n\t\t\t\t\t<\/div>\n\t\t<\/div>\n\t\t\t\t\t\t\t<\/div>\n\t\t<\/section>\n\t\t\t\t<section class=\"elementor-section elementor-top-section elementor-element elementor-element-498354e4 elementor-reverse-mobile elementor-reverse-tablet elementor-section-boxed elementor-section-height-default elementor-section-height-default\" data-id=\"498354e4\" data-element_type=\"section\">\n\t\t\t\t\t\t<div class=\"elementor-container elementor-column-gap-default\">\n\t\t\t\t\t<div class=\"elementor-column elementor-col-50 elementor-top-column elementor-element elementor-element-68b730f\" data-id=\"68b730f\" data-element_type=\"column\">\n\t\t\t<div class=\"elementor-widget-wrap elementor-element-populated\">\n\t\t\t\t\t\t\t\t<div class=\"elementor-element elementor-element-47356c7 animated-slow elementor-invisible elementor-widget elementor-widget-image\" data-id=\"47356c7\" data-element_type=\"widget\" data-settings=\"{&quot;_animation&quot;:&quot;fadeIn&quot;}\" data-widget_type=\"image.default\">\n\t\t\t\t<div class=\"elementor-widget-container\">\n\t\t\t\t\t\t\t\t\t\t\t\t\t\t\t<img decoding=\"async\" width=\"768\" height=\"526\" src=\"https:\/\/nocey.ch\/wp-content\/uploads\/2023\/10\/Maquette-2-1-768x526.png\" class=\"attachment-medium_large size-medium_large wp-image-648\" alt=\"\" srcset=\"https:\/\/nocey.ch\/wp-content\/uploads\/2023\/10\/Maquette-2-1-768x526.png 768w, https:\/\/nocey.ch\/wp-content\/uploads\/2023\/10\/Maquette-2-1-300x205.png 300w, https:\/\/nocey.ch\/wp-content\/uploads\/2023\/10\/Maquette-2-1-1024x701.png 1024w, https:\/\/nocey.ch\/wp-content\/uploads\/2023\/10\/Maquette-2-1-1536x1052.png 1536w, https:\/\/nocey.ch\/wp-content\/uploads\/2023\/10\/Maquette-2-1-2048x1403.png 2048w, https:\/\/nocey.ch\/wp-content\/uploads\/2023\/10\/Maquette-2-1-18x12.png 18w\" sizes=\"(max-width: 768px) 100vw, 768px\" \/>\t\t\t\t\t\t\t\t\t\t\t\t\t\t\t<\/div>\n\t\t\t\t<\/div>\n\t\t\t\t\t<\/div>\n\t\t<\/div>\n\t\t\t\t<div class=\"elementor-column elementor-col-50 elementor-top-column elementor-element elementor-element-57c700c0\" data-id=\"57c700c0\" data-element_type=\"column\">\n\t\t\t<div class=\"elementor-widget-wrap elementor-element-populated\">\n\t\t\t\t\t\t\t\t<div class=\"elementor-element elementor-element-2c1354a animated-slow elementor-widget__width-initial elementor-invisible elementor-widget elementor-widget-heading\" data-id=\"2c1354a\" data-element_type=\"widget\" data-settings=\"{&quot;_animation&quot;:&quot;fadeInUp&quot;,&quot;_animation_delay&quot;:100}\" data-widget_type=\"heading.default\">\n\t\t\t\t<div class=\"elementor-widget-container\">\n\t\t\t<h3 class=\"elementor-heading-title elementor-size-default translation-block\">\u062a\u062d\u0642\u0642 \u0637\u0645\u0648\u062d\u0646\u0627 \u0628\u0641\u0636\u0644 \u0645\u0632\u0623\u0648\u062c\u0629 \u0645\u0627 \u064a\u0645\u062a\u0644\u0643\u0647 \u0623\u0644\u062d\u0631\u0641\u064a\u0648\u0646 \u0645\u0646 \u062a\u0642\u0646\u064a\u0627\u062a \u0639\u0627\u0644\u064a\u0629\u060c \u0648\u0645\u0627 \u064a\u0643\u062a\u0646\u0632\u0647 \u0623\u0644\u0645\u062e\u0637\u0637\u0648\u0646 \u0645\u0646 \u062e\u0628\u0631\u0623\u062a\n\u0637\u0648\u064a\u0644\u0629.<\/h3>\t\t<\/div>\n\t\t\t\t<\/div>\n\t\t\t\t<div class=\"elementor-element elementor-element-85d940a elementor-widget elementor-widget-spacer\" data-id=\"85d940a\" data-element_type=\"widget\" data-widget_type=\"spacer.default\">\n\t\t\t\t<div class=\"elementor-widget-container\">\n\t\t\t<style>\/*! elementor - v3.17.0 - 08-11-2023 *\/\n.elementor-column .elementor-spacer-inner{height:var(--spacer-size)}.e-con{--container-widget-width:100%}.e-con-inner>.elementor-widget-spacer,.e-con>.elementor-widget-spacer{width:var(--container-widget-width,var(--spacer-size));--align-self:var(--container-widget-align-self,initial);--flex-shrink:0}.e-con-inner>.elementor-widget-spacer>.elementor-widget-container,.e-con>.elementor-widget-spacer>.elementor-widget-container{height:100%;width:100%}.e-con-inner>.elementor-widget-spacer>.elementor-widget-container>.elementor-spacer,.e-con>.elementor-widget-spacer>.elementor-widget-container>.elementor-spacer{height:100%}.e-con-inner>.elementor-widget-spacer>.elementor-widget-container>.elementor-spacer>.elementor-spacer-inner,.e-con>.elementor-widget-spacer>.elementor-widget-container>.elementor-spacer>.elementor-spacer-inner{height:var(--container-widget-height,var(--spacer-size))}.e-con-inner>.elementor-widget-spacer.elementor-widget-empty,.e-con>.elementor-widget-spacer.elementor-widget-empty{position:relative;min-height:22px;min-width:22px}.e-con-inner>.elementor-widget-spacer.elementor-widget-empty .elementor-widget-empty-icon,.e-con>.elementor-widget-spacer.elementor-widget-empty .elementor-widget-empty-icon{position:absolute;top:0;bottom:0;left:0;right:0;margin:auto;padding:0;width:22px;height:22px}<\/style>\t\t<div class=\"elementor-spacer\">\n\t\t\t<div class=\"elementor-spacer-inner\"><\/div>\n\t\t<\/div>\n\t\t\t\t<\/div>\n\t\t\t\t<\/div>\n\t\t\t\t<div class=\"elementor-element elementor-element-4dacdb2 elementor-widget__width-initial elementor-widget elementor-widget-text-editor\" data-id=\"4dacdb2\" data-element_type=\"widget\" data-widget_type=\"text-editor.default\">\n\t\t\t\t<div class=\"elementor-widget-container\">\n\t\t\t<style>\/*! elementor - v3.17.0 - 08-11-2023 *\/\n.elementor-widget-text-editor.elementor-drop-cap-view-stacked .elementor-drop-cap{background-color:#69727d;color:#fff}.elementor-widget-text-editor.elementor-drop-cap-view-framed .elementor-drop-cap{color:#69727d;border:3px solid;background-color:transparent}.elementor-widget-text-editor:not(.elementor-drop-cap-view-default) .elementor-drop-cap{margin-top:8px}.elementor-widget-text-editor:not(.elementor-drop-cap-view-default) .elementor-drop-cap-letter{width:1em;height:1em}.elementor-widget-text-editor .elementor-drop-cap{float:left;text-align:center;line-height:1;font-size:50px}.elementor-widget-text-editor .elementor-drop-cap-letter{display:inline-block}<\/style>\t\t\t\t<p class=\" translation-block\">\u0641\u0627 \u062e\u062a\u0644\u0637 \u0623\u0644\u0641\u0646 \u0641\u064a \u0635\u0648\u0631\u062a\u0647 \u0623\u0644\u062a\u0631\u0623\u062b\u064a\u0629 \u0628\u0627\u0644\u0623\u062e\u062a\u0635\u0627\u0635 \u0641\u064a \u0635\u064a\u063a\u062a\u0647 \u0623\u0644\u0639\u0635\u0631\u064a\u0629\u060c \u0644\u064a\u0635\u0648\u063a\u0627 \u0645\u0646 \u0645\u0627\u062f\u0629 \u062e\u0627\u0645 \u0643\u0627\u0646\u062a \u0647\u064a \u0623\u0644\u0623\n\u0646\u0642\u0649 \u0642\u0637\u0639\u0629 \u0641\u0631\u064a\u062f\u0629.<\/p>\t\t\t\t\t\t<\/div>\n\t\t\t\t<\/div>\n\t\t\t\t\t<\/div>\n\t\t<\/div>\n\t\t\t\t\t\t\t<\/div>\n\t\t<\/section>\n\t\t\t\t<section class=\"elementor-section elementor-top-section elementor-element elementor-element-b940c30 elementor-section-boxed elementor-section-height-default elementor-section-height-default\" data-id=\"b940c30\" data-element_type=\"section\">\n\t\t\t\t\t\t<div class=\"elementor-container elementor-column-gap-default\">\n\t\t\t\t\t<div class=\"elementor-column elementor-col-100 elementor-top-column elementor-element elementor-element-0d86dc6\" data-id=\"0d86dc6\" data-element_type=\"column\" data-settings=\"{&quot;background_background&quot;:&quot;classic&quot;,&quot;background_motion_fx_motion_fx_scrolling&quot;:&quot;yes&quot;,&quot;background_motion_fx_blur_effect&quot;:&quot;yes&quot;,&quot;background_motion_fx_blur_direction&quot;:&quot;in-out&quot;,&quot;background_motion_fx_blur_level&quot;:{&quot;unit&quot;:&quot;px&quot;,&quot;size&quot;:5,&quot;sizes&quot;:[]},&quot;background_motion_fx_blur_range&quot;:{&quot;unit&quot;:&quot;%&quot;,&quot;size&quot;:&quot;&quot;,&quot;sizes&quot;:{&quot;start&quot;:20,&quot;end&quot;:80}},&quot;background_motion_fx_devices&quot;:[&quot;widescreen&quot;,&quot;desktop&quot;,&quot;tablet&quot;,&quot;mobile&quot;]}\">\n\t\t\t<div class=\"elementor-widget-wrap elementor-element-populated\">\n\t\t\t\t\t<div class=\"elementor-background-overlay\"><\/div>\n\t\t\t\t\t\t\t\t<div class=\"elementor-element elementor-element-7c26161 elementor-widget__width-inherit animated-slow elementor-invisible elementor-widget elementor-widget-heading\" data-id=\"7c26161\" data-element_type=\"widget\" data-settings=\"{&quot;_animation&quot;:&quot;fadeInUp&quot;,&quot;_animation_delay&quot;:100}\" data-widget_type=\"heading.default\">\n\t\t\t\t<div class=\"elementor-widget-container\">\n\t\t\t<h3 class=\"elementor-heading-title elementor-size-default translation-block\">\u0644\u0642\u062f \u0642\u0636\u064a\u0646\u0627 \u0623 \u0634\u0647\u0631\u0623 \u0648\u0623 \u0633\u0627\u0628\u064a\u0639 \u0648\u0623 \u064a\u0627\u0645\u0627 \u0648\u0633\u0627\u0639\u0627\u062a \u0648\u062f\u0642\u0627\u0626\u0642 \u0648\u062b\u0648\u0623\u0646\u064a \u0641\u064a \u0623\u0644\u062a\u0641\u0643\u064a\u0631 \u0648\u0623\u0644\u0628\u062d\u062b \u0645\u0639 \u0623\u0644\u062a\u0631\u0643\u064a\u0632 \u0623\u0644\u0645\u062a\u0648\u0623\u0635\u0644.<\/h3>\t\t<\/div>\n\t\t\t\t<\/div>\n\t\t\t\t<div class=\"elementor-element elementor-element-3fd3f28 elementor-widget__width-inherit elementor-widget elementor-widget-text-editor\" data-id=\"3fd3f28\" data-element_type=\"widget\" data-widget_type=\"text-editor.default\">\n\t\t\t\t<div class=\"elementor-widget-container\">\n\t\t\t\t\t\t\t<p><em>\u0641\u062a\u0647\u064a\u0627 \u062a \u0645\u0646 \u0630\u0644\u0643 \u0623\u0644\u0623 \u062c\u0648\u0623\u0621 \u0623\u0644\u0645\u0646\u0627\u0633\u0628\u0629 \u0644\u062a\u0634\u0643\u064a\u0644 \u0623\u0644\u0645\u0627\u062f\u0629 \u0641\u064a \u0635\u0648\u0631\u0629 \u0645\u0628\u062f\u0639\u0629 \u0648\u0639\u0645\u0644 \u0645\u062a\u0642\u0646 \u0644\u0645 \u064a\u0643\u0648\u0646\u0627 \u0644\u064a\u062d\u0635\u0644\u0627 \u0644\u0648\u0644\u0623\n\u0623\u0644\u062d\u0633 \u0623\u0644\u0641\u0646\u064a \u0623\u0644\u0631\u0647\u064a\u0641 \u0648\u0623\u0644\u0639\u0645\u0644 \u0623\u0644\u062a\u0642\u0646\u064a \u0623\u0644\u062f\u0642\u064a\u0642 \u0648\u0623\u0644\u062e\u064a\u0627\u0644 \u0623\u0644\u0646\u0641\u0633\u064a \u0623\u0644\u0648\u0623\u0633\u0639. <\/em><\/p><p>\u0643\u0627\u0646 \u0647\u0630\u0623 \u0623\u0644\u0639\u0645\u0644 \u0645\u062b\u0644 \u0623\u0644\u0628\u062d\u064a\u0631\u0629 \u0623\u0644\u0645\u062a\u062c\u0645\u062f\u0629 \u0641\u064a \u0648\u0623\u062f\u064a \u062c\u0648 (Vall\u00e9e de Joux) \u062d\u064a\u0646 \u0646\u062a\u062c\u0648\u0644 \u0641\u064a \u0648\u0623\u062f\u064a\u0647\u0627\u060c\n\u0648\u0646\u0633\u062a\u0644\u0647\u0645 \u0645\u0646 \u0645\u0634\u0627\u0647\u062f\u0647\u0627\u060c \u0648\u0646\u062a\u0627 \u0645\u0644 \u0641\u064a \u062c\u0645\u0627\u0644\u0647\u0627\u060c \u0648\u0646\u0646\u0638\u0631 \u0623 \u0644\u0649 \u0634\u0642\u0648\u0642\u0647\u0627\u060c \u0648\u0646\u0644\u0642\u064a \u0623 \u0633\u0645\u0627\u0639\u0646\u0627 \u0623 \u0644\u0649 \u0623 \u0635\u0648\u0623\u062a \u0643\u0633\u0648\u0631\u0647\u0627\u060c\n\u0648\u0646\u062a\u0632\u062d\u0644\u0642 \u0639\u0644\u0649 \u0633\u0637\u062d\u0647\u0627 \u0623\u0644\u0645\u062a\u062c\u0645\u062f \u0648\u0642\u062f \u0639\u0644\u062a\u0647 \u0637\u0628\u0642\u0629 \u0628\u064a\u0636\u0627\u0621 \u062a\u0646\u0635\u0639 \u0648\u0631\u0642\u064a\u0642\u0629 \u062a\u0644\u0645\u0639. \u0641\u0641\u064a \u0648\u0633\u0637 \u0647\u0630\u0623 \u0623\u0644\u0645\u0634\u0647\u062f \u0623\u0644\u0631\u0623\u0626\u0639\n\u0643\u0627\u0646 \u0623\u0644\u0639\u0645\u0644 \u062f\u0624\u0648\u0628\u0627 \u0648\u0623\u0644\u062d\u0631\u0641\u064a\u0629 \u0639\u0627\u0644\u064a\u0629 \u0641\u064a \u0623\u0646\u0633\u064a\u0627\u0628 \u064a\u062c\u0645\u0639 \u0628\u064a\u0646 \u0623\u0644\u0633\u0647\u0644 \u0648\u0623\u0644\u0635\u0639\u0628\u060c \u0641\u062a\u0631\u0623\u0647 \u0635\u0627\u0639\u062f\u0623 \u0648\u0647\u0627\u0628\u0637\u0627 \u0643\u0627\u0644\u0637\u0627\u0626\u0631\u060c<\/p><p>\u0623 \u0648 \u0628\u0637\u064a\u0626\u0627 \u0648\u0633\u0631\u064a\u0639\u0627 \u0643\u0627\u0644\u0631\u064a\u062d\u060c \u0623 \u0648 \u0633\u0647\u0644\u0627 \u0648\u0648\u0639\u0631\u0623 \u0643\u0627\u0644\u0637\u0631\u064a\u0642.<\/p>\t\t\t\t\t\t<\/div>\n\t\t\t\t<\/div>\n\t\t\t\t\t<\/div>\n\t\t<\/div>\n\t\t\t\t\t\t\t<\/div>\n\t\t<\/section>\n\t\t\t\t<section class=\"elementor-section elementor-top-section elementor-element elementor-element-41ebcce elementor-section-boxed elementor-section-height-default elementor-section-height-default\" data-id=\"41ebcce\" data-element_type=\"section\">\n\t\t\t\t\t\t<div class=\"elementor-container elementor-column-gap-default\">\n\t\t\t\t\t<div class=\"elementor-column elementor-col-100 elementor-top-column elementor-element elementor-element-dc68855\" data-id=\"dc68855\" data-element_type=\"column\">\n\t\t\t<div class=\"elementor-widget-wrap elementor-element-populated\">\n\t\t\t\t\t\t\t\t<div class=\"elementor-element elementor-element-201233a animated-slow elementor-widget__width-initial elementor-invisible elementor-widget elementor-widget-heading\" data-id=\"201233a\" data-element_type=\"widget\" data-settings=\"{&quot;_animation&quot;:&quot;fadeInUp&quot;,&quot;_animation_delay&quot;:100}\" data-widget_type=\"heading.default\">\n\t\t\t\t<div class=\"elementor-widget-container\">\n\t\t\t<h3 class=\"elementor-heading-title elementor-size-default translation-block\">\u0623\u0644\u0643\u0644\u0645\u0627\u062a \u062a\u062d\u0645\u0644 \u0623\u0644\u0645\u0639\u0627\u0646\u064a. \u0648\u0623\u0644\u0645\u0639\u0627\u0646\u064a \u062a\u0635\u0637\u0627\u062f\u0647\u0627 \u0623\u0644\u062d\u0648\u0623\u0633.<\/h3>\t\t<\/div>\n\t\t\t\t<\/div>\n\t\t\t\t<div class=\"elementor-element elementor-element-ec60cc7 elementor-widget elementor-widget-spacer\" data-id=\"ec60cc7\" data-element_type=\"widget\" data-widget_type=\"spacer.default\">\n\t\t\t\t<div class=\"elementor-widget-container\">\n\t\t\t\t\t<div class=\"elementor-spacer\">\n\t\t\t<div class=\"elementor-spacer-inner\"><\/div>\n\t\t<\/div>\n\t\t\t\t<\/div>\n\t\t\t\t<\/div>\n\t\t\t\t<div class=\"elementor-element elementor-element-0995dfe elementor-widget__width-initial elementor-widget elementor-widget-text-editor\" data-id=\"0995dfe\" data-element_type=\"widget\" data-widget_type=\"text-editor.default\">\n\t\t\t\t<div class=\"elementor-widget-container\">\n\t\t\t\t\t\t\t<p>\u0648\u0623\u0644\u062d\u0648\u0623\u0633 \u062a\u0639\u062a\u0645\u062f \u0639\u0644\u0649 \u0623\u0644\u0639\u064a\u0648\u0646. \u0641 \u0627\u0644\u0639\u064a\u0648\u0646 \u0647\u064a \u0623\u0644\u062a\u064a\n\u062a\u062a\u0633\u0644\u0637 \u0639\u0644\u0649 \u0623\u0644\u0634\u064a\u0621\u060c \u0641\u062a\u062d\u064a\u0637 \u0628\u0635\u0648\u0631\u062a\u0647\u060c \u0648\u062a\u0631\u0633\u0645 \u0641\u064a \u0623\u0644\u0630\u0647\u0646 \u0634\u0643\u0644\u0647 \u0628\u062c\u0645\u064a\u0639 \u0623 \u062c\u0632\u0623\u0626\u0647.<\/p><p>\u0641\u0644\u0627 \u064a\u0642\u062f\u0631 \u0639\u0644\u0649 \u0623\u0644\u0648\u0635\u0641\n\u0623\u0644\u0628\u0627\u0631\u0639 \u0623 \u0644\u0623 \u0645\u0648\u0623\u0647\u0628\u0646\u0627 \u0623\u0644\u0645\u0646\u0633\u0627\u0628\u0629 \u0645\u0646\u0627 \u0628\u0645\u0642\u062a\u0636\u0649 \u0637\u0628\u064a\u0639\u062a\u0646\u0627.<\/p><p>\u0648\u0628\u0647\u0630\u0647 \u0623\u0644\u0645\u0648\u0623\u0647\u0628 \u064a\u0633\u062a\u0639\u064a\u0646 \u0623\u0644\u0639\u0642\u0644 \u0628\u062f\u0642\u062a\u0647 \u0648\u0635\u0631\u0623\u0645\u062a\u0647 \u0644\u064a\u062c\u0639\u0644\n\u0623\u0644\u062e\u0627\u0645 \u0645\u0627\u062f\u0629 \u0646\u0627\u0641\u0639\u0629 \u0648 \u0623 \u0646\u064a\u0642\u0629 \u0645\u062b\u0644 \u0623\u0644\u0634\u0645\u0633.<\/p><p>\u0641\u0645\u0646 \u0647\u0646\u0627 \u064a\u0635\u064a\u0631 \u0623\u0644\u0632\u0645\u0646 \u062d\u064a\u0627 \u0648\u062e\u0627\u0644\u062f\u0623 .<\/p><p>\u0628\u0627\u0644\u0645\u0647\u0627\u0631\u0629 \u0623\u0644\u062a\u0642\u0646\u064a\u0629 \u0648\u0623\u0644 \u0623\u0628\u062f\u0623\u0639 \u0623\u0644\u0641\u0646\u064a \u062a\u0639\u0628\u0631 \u0623\u0644\u062d\u0648\u0623\u0633 \u0645\u0646 \u0623 \u062d\u0633\u0627\u0633\u0647\u0627 \u0623 \u0645\u0627\u0645 \u0623\u0644\u0637\u0628\u064a\u0639\u0629 \u0628\u0627\u0644\u062f\u0647\u0634\u0629 \u0623 \u0644\u0649 \u062a\u0634\u0643\u064a\u0644 \u0623\u0644\u0645\u0627\u062f\u0629 \u0623\u0644\u062e\u0627\u0645 \u0641\u064a \u0635\u0648\u0631\u0629 \u0645\u0628\u062f\u0639\u0629 \u0644\u062e\u062f\u0645\u0629 \u0623\u0644 \u0623\u0646\u0633\u0627\u0646.<\/p><p><i>\u0641\u062a\u0646\u062a\u062c \u0646\u0645\u0648\u0630\u062c\u0627 \u064a\u062c\u0645\u0639 \u0628\u064a\u0646 \u0623\u0644\u062c\u0648\u0647\u0631 \u0648\u0623\u0644\u0635\u0648\u0631\u0629\u060c \u0648\u0623\u0644\u0623\n\u0623 \u0644\u0649 \u0637\u0642\u0633 \u0645\u0646 \u0623\u0644 \u0623\u062c\u0644\u0627\u0644 \u0648\u0623\u0644\u062a\u0643\u0631\u064a\u0645 \u0644\u0644\u0632\u0645\u0646 \u0623\u0644\u0630\u064a \u0633\u062c\u0644 \u0644\u062d\u0638\u0627\u062a \u0631\u0623\u0626\u0639\u0629 \u0645\u0646 \u062d\u064a\u0627\u062a\u0646\u0627 \u0644 \u062a\u0635\u0628\u062d \u0630\u0643\u0631\u064a\u0627\u062a \u062c\u0645\u064a\u0644\u0629\n\u0648\u0644\u0623 \u0639\u0645\u0644\u0646\u0627 \u0647\u0630\u0623 \u0646\u062d\u0645\u0644\u0647\u0627 \u0623 \u0644\u0649 \u0623\u0644\u0623 \u062c\u064a\u0627\u0644 \u0623\u0644\u0642\u0627\u062f\u0645\u0629.<\/i>.<\/p>\t\t\t\t\t\t<\/div>\n\t\t\t\t<\/div>\n\t\t\t\t\t<\/div>\n\t\t<\/div>\n\t\t\t\t\t\t\t<\/div>\n\t\t<\/section>\n\t\t\t\t<section class=\"elementor-section elementor-top-section elementor-element elementor-element-9d99b42 elementor-section-height-min-height elementor-section-full_width elementor-section-height-default elementor-section-items-middle\" data-id=\"9d99b42\" data-element_type=\"section\" data-settings=\"{&quot;background_background&quot;:&quot;classic&quot;}\">\n\t\t\t\t\t\t\t<div class=\"elementor-background-overlay\"><\/div>\n\t\t\t\t\t\t\t<div class=\"elementor-container elementor-column-gap-default\">\n\t\t\t\t\t<div class=\"elementor-column elementor-col-100 elementor-top-column elementor-element elementor-element-993a642\" data-id=\"993a642\" data-element_type=\"column\">\n\t\t\t<div class=\"elementor-widget-wrap elementor-element-populated\">\n\t\t\t\t\t\t\t\t<div class=\"elementor-element elementor-element-4ee3e9e elementor-widget__width-initial animated-slow elementor-widget-mobile__width-inherit elementor-widget-tablet__width-inherit elementor-invisible elementor-widget elementor-widget-heading\" data-id=\"4ee3e9e\" data-element_type=\"widget\" data-settings=\"{&quot;_animation&quot;:&quot;fadeInUp&quot;,&quot;_animation_delay&quot;:100}\" data-widget_type=\"heading.default\">\n\t\t\t\t<div class=\"elementor-widget-container\">\n\t\t\t<h4 class=\"elementor-heading-title elementor-size-default translation-block\">\u0641\u0645\u0646 \u0647\u0646\u0627 \u064a\u0635\u064a\u0631 \u0623\u0644\u0632\u0645\u0646 \u062d\u064a\u0627 \u0648\u062e\u0627\u0644\u062f\u0623.<\/h4>\t\t<\/div>\n\t\t\t\t<\/div>\n\t\t\t\t<div class=\"elementor-element elementor-element-28148ae elementor-widget elementor-widget-heading\" data-id=\"28148ae\" data-element_type=\"widget\" data-widget_type=\"heading.default\">\n\t\t\t\t<div class=\"elementor-widget-container\">\n\t\t\t<p class=\"elementor-heading-title elementor-size-default\">\u062c\u0644 \u0630\u0644\u0643 \u062c\u0645\u064a\u0639\u0627 \u064a\u062a\u0645\u064a\u0632\n\u0639\u0646 \u063a\u064a\u0631\u0647 \u0648\u064a\u0646\u0641\u0631\u062f \u0639\u0646 \u062c\u0646\u0633\u0647 \u0644\u0623 . \u0646\u0647 \u0644\u0623 \u0634\u0628\u064a\u0647 \u0644\u0647 \u0645\u0645\u0627 \u0643\u0627\u0646 \u0642\u0628\u0644\u0647<\/p>\t\t<\/div>\n\t\t\t\t<\/div>\n\t\t\t\t<div class=\"elementor-element elementor-element-995a87e elementor-widget elementor-widget-spacer\" data-id=\"995a87e\" data-element_type=\"widget\" data-widget_type=\"spacer.default\">\n\t\t\t\t<div class=\"elementor-widget-container\">\n\t\t\t\t\t<div class=\"elementor-spacer\">\n\t\t\t<div class=\"elementor-spacer-inner\"><\/div>\n\t\t<\/div>\n\t\t\t\t<\/div>\n\t\t\t\t<\/div>\n\t\t\t\t<div class=\"elementor-element elementor-element-ada4c5e elementor-widget elementor-widget-heading\" data-id=\"ada4c5e\" data-element_type=\"widget\" data-widget_type=\"heading.default\">\n\t\t\t\t<div class=\"elementor-widget-container\">\n\t\t\t<h2 class=\"elementor-heading-title elementor-size-default\">Noelle et Coralie<\/h2>\t\t<\/div>\n\t\t\t\t<\/div>\n\t\t\t\t\t<\/div>\n\t\t<\/div>\n\t\t\t\t\t\t\t<\/div>\n\t\t<\/section>\n\t\t\t\t\t\t\t<\/div>","protected":false},"excerpt":{"rendered":"<p>\u00c7a commence avec une \u00e9tincelle. Une cr\u00e9ation qui \u00e9tait \u00e9crite d\u00e8s le d\u00e9part, collision de la mati\u00e8re et du destin. Une rencontre guid\u00e9e par l\u2019harmonie elle-m\u00eame, qui donne aux astres. Une vie toute particuli\u00e8re. Un projet qui prend ses racines dans le vivant, ses inspirations dans le ciel et la Terre. Une ambition qui r\u00e9unit [&hellip;]<\/p>","protected":false},"author":1,"featured_media":0,"parent":0,"menu_order":0,"comment_status":"closed","ping_status":"closed","template":"elementor_header_footer","meta":{"footnotes":""},"_links":{"self":[{"href":"https:\/\/nocey.ch\/ar\/wp-json\/wp\/v2\/pages\/347"}],"collection":[{"href":"https:\/\/nocey.ch\/ar\/wp-json\/wp\/v2\/pages"}],"about":[{"href":"https:\/\/nocey.ch\/ar\/wp-json\/wp\/v2\/types\/page"}],"author":[{"embeddable":true,"href":"https:\/\/nocey.ch\/ar\/wp-json\/wp\/v2\/users\/1"}],"replies":[{"embeddable":true,"href":"https:\/\/nocey.ch\/ar\/wp-json\/wp\/v2\/comments?post=347"}],"version-history":[{"count":3,"href":"https:\/\/nocey.ch\/ar\/wp-json\/wp\/v2\/pages\/347\/revisions"}],"predecessor-version":[{"id":2436,"href":"https:\/\/nocey.ch\/ar\/wp-json\/wp\/v2\/pages\/347\/revisions\/2436"}],"wp:attachment":[{"href":"https:\/\/nocey.ch\/ar\/wp-json\/wp\/v2\/media?parent=347"}],"curies":[{"name":"wp","href":"https:\/\/api.w.org\/{rel}","templated":true}]}}